{"id":26,"date":"2023-04-18T19:51:11","date_gmt":"2023-04-18T17:51:11","guid":{"rendered":"https:\/\/docs.supershippingwoo.com\/?page_id=26"},"modified":"2023-04-24T20:02:42","modified_gmt":"2023-04-24T18:02:42","slug":"install-and-activate-super-shipping-for-woocommerce","status":"publish","type":"page","link":"https:\/\/docs.supershippingwoo.com\/en\/instalar-y-activar-super-shipping-para-woocommerce\/","title":{"rendered":"Install and Activate Super Shipping for WooCommerce"},"content":{"rendered":"\t\t<div data-elementor-type=\"wp-page\" data-elementor-id=\"26\" class=\"elementor elementor-26\" data-elementor-post-type=\"page\">\n\t\t\t\t<div class=\"elementor-element elementor-element-bed19dc e-flex e-con-boxed e-con e-parent\" data-id=\"bed19dc\" data-element_type=\"container\" data-e-type=\"container\" data-settings=\"{&quot;background_background&quot;:&quot;classic&quot;}\">\n\t\t\t\t\t<div class=\"e-con-inner\">\n\t\t<div class=\"elementor-element elementor-element-0292229 e-con-full elementor-hidden-mobile e-flex e-con e-child\" data-id=\"0292229\" data-element_type=\"container\" data-e-type=\"container\" data-settings=\"{&quot;sticky&quot;:&quot;top&quot;,&quot;sticky_offset&quot;:150,&quot;sticky_parent&quot;:&quot;yes&quot;,&quot;sticky_on&quot;:[&quot;desktop&quot;,&quot;tablet&quot;],&quot;sticky_effects_offset&quot;:0,&quot;sticky_anchor_link_offset&quot;:0}\">\n\t\t\t\t<div class=\"elementor-element elementor-element-4f232b5 elementor-widget elementor-widget-template\" data-id=\"4f232b5\" data-element_type=\"widget\" data-e-type=\"widget\" data-widget_type=\"template.default\">\n\t\t\t\t<div class=\"elementor-widget-container\">\n\t\t\t\t\t\t\t<div class=\"elementor-template\">\n\t\t\t\t\t<div data-elementor-type=\"container\" data-elementor-id=\"445\" class=\"elementor elementor-445\" data-elementor-post-type=\"elementor_library\">\n\t\t\t\t<div class=\"elementor-element elementor-element-314d697 e-con-full elementor-hidden-mobile e-flex e-con e-parent\" data-id=\"314d697\" data-element_type=\"container\" data-e-type=\"container\" data-settings=\"{&quot;background_background&quot;:&quot;classic&quot;}\">\n\t\t\t\t<div class=\"elementor-element elementor-element-0046a49 elementor-widget elementor-widget-heading\" data-id=\"0046a49\" data-element_type=\"widget\" data-e-type=\"widget\" data-widget_type=\"heading.default\">\n\t\t\t\t<div class=\"elementor-widget-container\">\n\t\t\t\t\t<h3 class=\"elementor-heading-title elementor-size-default\"><a href=\"https:\/\/docs.supershippingwoo.com\/\">\u2699\ufe0f Sumario<\/a><\/h3>\t\t\t\t<\/div>\n\t\t\t\t<\/div>\n\t\t\t\t<div class=\"elementor-element elementor-element-fc6052c elementor-widget-divider--view-line elementor-widget elementor-widget-divider\" data-id=\"fc6052c\" data-element_type=\"widget\" data-e-type=\"widget\" data-widget_type=\"divider.default\">\n\t\t\t\t<div class=\"elementor-widget-container\">\n\t\t\t\t\t\t\t<div class=\"elementor-divider\">\n\t\t\t<span class=\"elementor-divider-separator\">\n\t\t\t\t\t\t<\/span>\n\t\t<\/div>\n\t\t\t\t\t\t<\/div>\n\t\t\t\t<\/div>\n\t\t\t\t<div class=\"elementor-element elementor-element-72e4ed9 elementor-widget elementor-widget-heading\" data-id=\"72e4ed9\" data-element_type=\"widget\" data-e-type=\"widget\" data-widget_type=\"heading.default\">\n\t\t\t\t<div class=\"elementor-widget-container\">\n\t\t\t\t\t<h3 class=\"elementor-heading-title elementor-size-default\">Instalaci\u00f3n<\/h3>\t\t\t\t<\/div>\n\t\t\t\t<\/div>\n\t\t\t\t<div class=\"elementor-element elementor-element-34f56ee elementor-icon-list--layout-traditional elementor-list-item-link-full_width elementor-widget elementor-widget-icon-list\" data-id=\"34f56ee\" data-element_type=\"widget\" data-e-type=\"widget\" data-widget_type=\"icon-list.default\">\n\t\t\t\t<div class=\"elementor-widget-container\">\n\t\t\t\t\t\t\t<ul class=\"elementor-icon-list-items\">\n\t\t\t\t\t\t\t<li class=\"elementor-icon-list-item\">\n\t\t\t\t\t\t\t\t\t\t\t<a href=\"https:\/\/docs.supershippingwoo.com\/instalar-y-activar-super-shipping-para-woocommerce\/\">\n\n\t\t\t\t\t\t\t\t\t\t\t<span class=\"elementor-icon-list-text\">Instalar y activar Super Shipping<\/span>\n\t\t\t\t\t\t\t\t\t\t\t<\/a>\n\t\t\t\t\t\t\t\t\t<\/li>\n\t\t\t\t\t\t\t\t<li class=\"elementor-icon-list-item\">\n\t\t\t\t\t\t\t\t\t\t\t<a href=\"https:\/\/docs.supershippingwoo.com\/actualizar-super-shipping-para-woocommerce\/\">\n\n\t\t\t\t\t\t\t\t\t\t\t<span class=\"elementor-icon-list-text\">Actualizar Super Shipping<\/span>\n\t\t\t\t\t\t\t\t\t\t\t<\/a>\n\t\t\t\t\t\t\t\t\t<\/li>\n\t\t\t\t\t\t\t\t<li class=\"elementor-icon-list-item\">\n\t\t\t\t\t\t\t\t\t\t\t<a href=\"https:\/\/docs.supershippingwoo.com\/actualizar-super-shipping-para-woocommerce-desde-la-version-1-2-7-o-anteriores\/\">\n\n\t\t\t\t\t\t\t\t\t\t\t<span class=\"elementor-icon-list-text\">Actualizar desde la versi\u00f3n 1.2.7<\/span>\n\t\t\t\t\t\t\t\t\t\t\t<\/a>\n\t\t\t\t\t\t\t\t\t<\/li>\n\t\t\t\t\t\t<\/ul>\n\t\t\t\t\t\t<\/div>\n\t\t\t\t<\/div>\n\t\t\t\t<div class=\"elementor-element elementor-element-82c73f8 elementor-widget elementor-widget-heading\" data-id=\"82c73f8\" data-element_type=\"widget\" data-e-type=\"widget\" data-widget_type=\"heading.default\">\n\t\t\t\t<div class=\"elementor-widget-container\">\n\t\t\t\t\t<h3 class=\"elementor-heading-title elementor-size-default\">Configuraci\u00f3n b\u00e1sica<\/h3>\t\t\t\t<\/div>\n\t\t\t\t<\/div>\n\t\t\t\t<div class=\"elementor-element elementor-element-aa656e3 elementor-icon-list--layout-traditional elementor-list-item-link-full_width elementor-widget elementor-widget-icon-list\" data-id=\"aa656e3\" data-element_type=\"widget\" data-e-type=\"widget\" data-widget_type=\"icon-list.default\">\n\t\t\t\t<div class=\"elementor-widget-container\">\n\t\t\t\t\t\t\t<ul class=\"elementor-icon-list-items\">\n\t\t\t\t\t\t\t<li class=\"elementor-icon-list-item\">\n\t\t\t\t\t\t\t\t\t\t\t<a href=\"https:\/\/docs.supershippingwoo.com\/crea-tu-primera-zona-de-envio\/\">\n\n\t\t\t\t\t\t\t\t\t\t\t<span class=\"elementor-icon-list-text\">Crea tu primera zona de envi\u0301o<\/span>\n\t\t\t\t\t\t\t\t\t\t\t<\/a>\n\t\t\t\t\t\t\t\t\t<\/li>\n\t\t\t\t\t\t\t\t<li class=\"elementor-icon-list-item\">\n\t\t\t\t\t\t\t\t\t\t\t<a href=\"https:\/\/docs.supershippingwoo.com\/guia-rapida-para-configurar-tus-primeros-gastos-de-envio\/\">\n\n\t\t\t\t\t\t\t\t\t\t\t<span class=\"elementor-icon-list-text\">Configura tus primeros gastos de envi\u0301o<\/span>\n\t\t\t\t\t\t\t\t\t\t\t<\/a>\n\t\t\t\t\t\t\t\t\t<\/li>\n\t\t\t\t\t\t\t\t<li class=\"elementor-icon-list-item\">\n\t\t\t\t\t\t\t\t\t\t\t<a href=\"https:\/\/docs.supershippingwoo.com\/ajustes-generales-de-super-shipping-para-woocommerce\/\">\n\n\t\t\t\t\t\t\t\t\t\t\t<span class=\"elementor-icon-list-text\">Ajustes Generales de Super Shipping<\/span>\n\t\t\t\t\t\t\t\t\t\t\t<\/a>\n\t\t\t\t\t\t\t\t\t<\/li>\n\t\t\t\t\t\t<\/ul>\n\t\t\t\t\t\t<\/div>\n\t\t\t\t<\/div>\n\t\t\t\t<div class=\"elementor-element elementor-element-b5b2213 elementor-widget elementor-widget-heading\" data-id=\"b5b2213\" data-element_type=\"widget\" data-e-type=\"widget\" data-widget_type=\"heading.default\">\n\t\t\t\t<div class=\"elementor-widget-container\">\n\t\t\t\t\t<h3 class=\"elementor-heading-title elementor-size-default\">Configuraci\u00f3n avanzada<\/h3>\t\t\t\t<\/div>\n\t\t\t\t<\/div>\n\t\t\t\t<div class=\"elementor-element elementor-element-ad42756 elementor-widget elementor-widget-toggle\" data-id=\"ad42756\" data-element_type=\"widget\" data-e-type=\"widget\" data-widget_type=\"toggle.default\">\n\t\t\t\t<div class=\"elementor-widget-container\">\n\t\t\t\t\t\t\t<div class=\"elementor-toggle\">\n\t\t\t\t\t\t\t<div class=\"elementor-toggle-item\">\n\t\t\t\t\t<div id=\"elementor-tab-title-1811\" class=\"elementor-tab-title\" data-tab=\"1\" role=\"button\" aria-controls=\"elementor-tab-content-1811\" aria-expanded=\"false\">\n\t\t\t\t\t\t\t\t\t\t\t\t<span class=\"elementor-toggle-icon elementor-toggle-icon-right\" aria-hidden=\"true\">\n\t\t\t\t\t\t\t\t\t\t\t\t\t\t\t<span class=\"elementor-toggle-icon-closed\"><i class=\"fas fa-angle-right\"><\/i><\/span>\n\t\t\t\t\t\t\t\t<span class=\"elementor-toggle-icon-opened\"><i class=\"elementor-toggle-icon-opened fas fa-angle-down\"><\/i><\/span>\n\t\t\t\t\t\t\t\t\t\t\t\t\t<\/span>\n\t\t\t\t\t\t\t\t\t\t\t\t<a class=\"elementor-toggle-title\" tabindex=\"0\">Zonas de env\u00edo<\/a>\n\t\t\t\t\t<\/div>\n\n\t\t\t\t\t<div id=\"elementor-tab-content-1811\" class=\"elementor-tab-content elementor-clearfix\" data-tab=\"1\" role=\"region\" aria-labelledby=\"elementor-tab-title-1811\"><p><a href=\"https:\/\/docs.supershippingwoo.com\/zonas-de-envio\/\">\u00b7 Crear zonas de env\u00edo<\/a><\/p><\/div>\n\t\t\t\t<\/div>\n\t\t\t\t\t\t\t\t<\/div>\n\t\t\t\t\t\t<\/div>\n\t\t\t\t<\/div>\n\t\t\t\t<div class=\"elementor-element elementor-element-6ea6c4e elementor-widget elementor-widget-toggle\" data-id=\"6ea6c4e\" data-element_type=\"widget\" data-e-type=\"widget\" data-widget_type=\"toggle.default\">\n\t\t\t\t<div class=\"elementor-widget-container\">\n\t\t\t\t\t\t\t<div class=\"elementor-toggle\">\n\t\t\t\t\t\t\t<div class=\"elementor-toggle-item\">\n\t\t\t\t\t<div id=\"elementor-tab-title-1161\" class=\"elementor-tab-title\" data-tab=\"1\" role=\"button\" aria-controls=\"elementor-tab-content-1161\" aria-expanded=\"false\">\n\t\t\t\t\t\t\t\t\t\t\t\t<span class=\"elementor-toggle-icon elementor-toggle-icon-right\" aria-hidden=\"true\">\n\t\t\t\t\t\t\t\t\t\t\t\t\t\t\t<span class=\"elementor-toggle-icon-closed\"><i class=\"fas fa-angle-right\"><\/i><\/span>\n\t\t\t\t\t\t\t\t<span class=\"elementor-toggle-icon-opened\"><i class=\"elementor-toggle-icon-opened fas fa-angle-down\"><\/i><\/span>\n\t\t\t\t\t\t\t\t\t\t\t\t\t<\/span>\n\t\t\t\t\t\t\t\t\t\t\t\t<a class=\"elementor-toggle-title\" tabindex=\"0\">Tipos de c\u00e1lculo de los gastos de env\u00edo<\/a>\n\t\t\t\t\t<\/div>\n\n\t\t\t\t\t<div id=\"elementor-tab-content-1161\" class=\"elementor-tab-content elementor-clearfix\" data-tab=\"1\" role=\"region\" aria-labelledby=\"elementor-tab-title-1161\"><p><a href=\"https:\/\/docs.supershippingwoo.com\/tipo-de-calculo-por-pedido\/\">\u00b7 Tipo de c\u00e1lculo &#8211; Por pedido (el carrito es una \u00fanica cesta)<\/a><br \/><a href=\"https:\/\/docs.supershippingwoo.com\/tipo-de-calculo-por-articulo\/\">\u00b7 Tipo de c\u00e1lculo &#8211; Por l\u00ednea de art\u00edculos (cada producto en el carrito es una cesta)<\/a><br \/><a href=\"https:\/\/docs.supershippingwoo.com\/tipo-de-calculo-por-clases-de-envio\/\">\u00b7 Tipo de ca\u0301lculo &#8211; Por clase de envi\u0301o (cuando se usan las clases de env\u00edo)<\/a><\/p><\/div>\n\t\t\t\t<\/div>\n\t\t\t\t\t\t\t\t<\/div>\n\t\t\t\t\t\t<\/div>\n\t\t\t\t<\/div>\n\t\t\t\t<div class=\"elementor-element elementor-element-150ef9a elementor-widget elementor-widget-toggle\" data-id=\"150ef9a\" data-element_type=\"widget\" data-e-type=\"widget\" data-widget_type=\"toggle.default\">\n\t\t\t\t<div class=\"elementor-widget-container\">\n\t\t\t\t\t\t\t<div class=\"elementor-toggle\">\n\t\t\t\t\t\t\t<div class=\"elementor-toggle-item\">\n\t\t\t\t\t<div id=\"elementor-tab-title-2201\" class=\"elementor-tab-title\" data-tab=\"1\" role=\"button\" aria-controls=\"elementor-tab-content-2201\" aria-expanded=\"false\">\n\t\t\t\t\t\t\t\t\t\t\t\t<span class=\"elementor-toggle-icon elementor-toggle-icon-right\" aria-hidden=\"true\">\n\t\t\t\t\t\t\t\t\t\t\t\t\t\t\t<span class=\"elementor-toggle-icon-closed\"><i class=\"fas fa-angle-right\"><\/i><\/span>\n\t\t\t\t\t\t\t\t<span class=\"elementor-toggle-icon-opened\"><i class=\"elementor-toggle-icon-opened fas fa-angle-down\"><\/i><\/span>\n\t\t\t\t\t\t\t\t\t\t\t\t\t<\/span>\n\t\t\t\t\t\t\t\t\t\t\t\t<a class=\"elementor-toggle-title\" tabindex=\"0\">Tipos de gastos de env\u00edo<\/a>\n\t\t\t\t\t<\/div>\n\n\t\t\t\t\t<div id=\"elementor-tab-content-2201\" class=\"elementor-tab-content elementor-clearfix\" data-tab=\"1\" role=\"region\" aria-labelledby=\"elementor-tab-title-2201\"><p><a href=\"https:\/\/docs.supershippingwoo.com\/gastos-de-envio-por-peso\/\">\u00b7 Gastos de envi\u0301o por peso<\/a><br \/><a href=\"https:\/\/docs.supershippingwoo.com\/gastos-de-envio-por-precio\/\">\u00b7 Gastos de env\u00edo por precio<\/a><br \/><a href=\"https:\/\/docs.supershippingwoo.com\/gastos-de-envio-por-numero-de-productos\/\">\u00b7 Gastos de envi\u0301o por n\u00ba de unidades<\/a><br \/><a href=\"https:\/\/docs.supershippingwoo.com\/gastos-de-envio-por-peso-volumetrico\/\">\u00b7 Gastos de envi\u0301o por peso volume\u0301trico<\/a><br \/><a href=\"https:\/\/docs.supershippingwoo.com\/gastos-de-envio-por-volumen\/\">\u00b7 Gastos de envi\u0301o por volumen<\/a><\/p><\/div>\n\t\t\t\t<\/div>\n\t\t\t\t\t\t\t\t<\/div>\n\t\t\t\t\t\t<\/div>\n\t\t\t\t<\/div>\n\t\t\t\t<div class=\"elementor-element elementor-element-389f4e8 elementor-widget elementor-widget-toggle\" data-id=\"389f4e8\" data-element_type=\"widget\" data-e-type=\"widget\" data-widget_type=\"toggle.default\">\n\t\t\t\t<div class=\"elementor-widget-container\">\n\t\t\t\t\t\t\t<div class=\"elementor-toggle\">\n\t\t\t\t\t\t\t<div class=\"elementor-toggle-item\">\n\t\t\t\t\t<div id=\"elementor-tab-title-5931\" class=\"elementor-tab-title\" data-tab=\"1\" role=\"button\" aria-controls=\"elementor-tab-content-5931\" aria-expanded=\"false\">\n\t\t\t\t\t\t\t\t\t\t\t\t<span class=\"elementor-toggle-icon elementor-toggle-icon-right\" aria-hidden=\"true\">\n\t\t\t\t\t\t\t\t\t\t\t\t\t\t\t<span class=\"elementor-toggle-icon-closed\"><i class=\"fas fa-angle-right\"><\/i><\/span>\n\t\t\t\t\t\t\t\t<span class=\"elementor-toggle-icon-opened\"><i class=\"elementor-toggle-icon-opened fas fa-angle-down\"><\/i><\/span>\n\t\t\t\t\t\t\t\t\t\t\t\t\t<\/span>\n\t\t\t\t\t\t\t\t\t\t\t\t<a class=\"elementor-toggle-title\" tabindex=\"0\">Ajustes avanzados<\/a>\n\t\t\t\t\t<\/div>\n\n\t\t\t\t\t<div id=\"elementor-tab-content-5931\" class=\"elementor-tab-content elementor-clearfix\" data-tab=\"1\" role=\"region\" aria-labelledby=\"elementor-tab-title-5931\"><p><a href=\"https:\/\/docs.supershippingwoo.com\/prioridad-de-clases-de-envio\/\">\u00b7 Prioridad de clases de envi\u0301o<\/a><br \/><a href=\"https:\/\/docs.supershippingwoo.com\/tasas-extra-de-envio\/\">\u00b7 Tasas extra de envi\u0301o<\/a><br \/><a href=\"https:\/\/docs.supershippingwoo.com\/importar-y-exportar-reglas\/\">\u00b7 Importar y Exportar Reglas<\/a><br \/><a href=\"https:\/\/docs.supershippingwoo.com\/traducir-los-metodos-de-envio-con-wpml\/\">\u00b7 Traducir los m\u00e9todos de env\u00edo con WPML<\/a><\/p><\/div>\n\t\t\t\t<\/div>\n\t\t\t\t\t\t\t\t<\/div>\n\t\t\t\t\t\t<\/div>\n\t\t\t\t<\/div>\n\t\t\t\t<div class=\"elementor-element elementor-element-770f94b elementor-widget elementor-widget-toggle\" data-id=\"770f94b\" data-element_type=\"widget\" data-e-type=\"widget\" data-widget_type=\"toggle.default\">\n\t\t\t\t<div class=\"elementor-widget-container\">\n\t\t\t\t\t\t\t<div class=\"elementor-toggle\">\n\t\t\t\t\t\t\t<div class=\"elementor-toggle-item\">\n\t\t\t\t\t<div id=\"elementor-tab-title-1241\" class=\"elementor-tab-title\" data-tab=\"1\" role=\"button\" aria-controls=\"elementor-tab-content-1241\" aria-expanded=\"false\">\n\t\t\t\t\t\t\t\t\t\t\t\t<span class=\"elementor-toggle-icon elementor-toggle-icon-right\" aria-hidden=\"true\">\n\t\t\t\t\t\t\t\t\t\t\t\t\t\t\t<span class=\"elementor-toggle-icon-closed\"><i class=\"fas fa-angle-right\"><\/i><\/span>\n\t\t\t\t\t\t\t\t<span class=\"elementor-toggle-icon-opened\"><i class=\"elementor-toggle-icon-opened fas fa-angle-down\"><\/i><\/span>\n\t\t\t\t\t\t\t\t\t\t\t\t\t<\/span>\n\t\t\t\t\t\t\t\t\t\t\t\t<a class=\"elementor-toggle-title\" tabindex=\"0\">Ejemplos de uso<\/a>\n\t\t\t\t\t<\/div>\n\n\t\t\t\t\t<div id=\"elementor-tab-content-1241\" class=\"elementor-tab-content elementor-clearfix\" data-tab=\"1\" role=\"region\" aria-labelledby=\"elementor-tab-title-1241\"><p><a href=\"https:\/\/docs.supershippingwoo.com\/gastos-de-envio-segun-peso-y-gratis-a-partir-de-100e-de-gasto\/\">\u00b7 Gastos de envi\u0301o segu\u0301n peso y gratis a partir de 100\u20ac<\/a><br \/><a href=\"https:\/\/docs.supershippingwoo.com\/2-agencias-de-envio-con-diferentes-tarifas-para-la-misma-zona\/\">\u00b7 2 Agencias de envi\u0301o para la misma zona<\/a><br \/><a href=\"https:\/\/docs.supershippingwoo.com\/gastos-de-envio-diferentes-segun-el-tipo-de-producto-o-grupo-de-productos\/\">\u00b7 Gastos de envi\u0301o diferentes segu\u0301n el tipo de producto (o grupo de productos)<\/a><br \/><a href=\"https:\/\/docs.supershippingwoo.com\/gastos-de-envio-diferentes-segun-el-proveedor-aplicable-a-dropshipping\/\">\u00b7 Gastos de env\u00edo diferentes seg\u00fan el proveedor (aplicable a Dropshipping)<\/a><br \/><a href=\"https:\/\/docs.supershippingwoo.com\/incrementar-el-gasto-de-envio-por-cada-unidad-anadida-al-carrito\/\">\u00b7 Incrementar el gasto de env\u00edo por cada unidad a\u00f1adida al carrito<\/a><\/p><\/div>\n\t\t\t\t<\/div>\n\t\t\t\t\t\t\t\t<\/div>\n\t\t\t\t\t\t<\/div>\n\t\t\t\t<\/div>\n\t\t\t\t<div class=\"elementor-element elementor-element-dcdbe2f elementor-widget elementor-widget-heading\" data-id=\"dcdbe2f\" data-element_type=\"widget\" data-e-type=\"widget\" data-widget_type=\"heading.default\">\n\t\t\t\t<div class=\"elementor-widget-container\">\n\t\t\t\t\t<h6 class=\"elementor-heading-title elementor-size-default\"><a href=\"https:\/\/docs.supershippingwoo.com\/changelog-historial-de-cambios\/\">Changelog<\/a><\/h6>\t\t\t\t<\/div>\n\t\t\t\t<\/div>\n\t\t\t\t<\/div>\n\t\t\t\t<\/div>\n\t\t\t\t<\/div>\n\t\t\t\t\t\t<\/div>\n\t\t\t\t<\/div>\n\t\t\t\t<\/div>\n\t\t<div class=\"elementor-element elementor-element-729188a e-con-full e-flex e-con e-child\" data-id=\"729188a\" data-element_type=\"container\" data-e-type=\"container\">\n\t\t\t\t<div class=\"elementor-element elementor-element-0b30103 elementor-widget elementor-widget-heading\" data-id=\"0b30103\" data-element_type=\"widget\" data-e-type=\"widget\" data-widget_type=\"heading.default\">\n\t\t\t\t<div class=\"elementor-widget-container\">\n\t\t\t\t\t<h2 class=\"elementor-heading-title elementor-size-default\">Instalar y Activar Super Shipping para WooCommerce<\/h2>\t\t\t\t<\/div>\n\t\t\t\t<\/div>\n\t\t\t\t<div class=\"elementor-element elementor-element-142e514 elementor-widget elementor-widget-text-editor\" data-id=\"142e514\" data-element_type=\"widget\" data-e-type=\"widget\" data-widget_type=\"text-editor.default\">\n\t\t\t\t<div class=\"elementor-widget-container\">\n\t\t\t\t\t\t\t\t\t<p><span dir=\"ltr\">Para instalar el plugin Super Shipping para WooCommerce simplemente debes seguir estos pasos:<\/span><\/p><ol><li><span dir=\"ltr\"><span dir=\"ltr\">Una vez hayas completado tu compra, recibira\u0301s un email con el resumen de tu pedido y el enlace de descarga del plugin. Simplemente haz clic sobre el enlace que vera\u0301s en el email.<br \/><\/span><\/span>Tambi\u00e9n podr\u00e1s descargar el plugin desde la secci\u00f3n \u00abDescargas\u00bb de tu cuenta de cliente de la web:\u00a0<a href=\"https:\/\/supershippingwoo.com\/mi-cuenta\/descargas\/\">https:\/\/supershippingwoo.com\/mi-cuenta\/descargas\/<\/a><br \/><br \/><p><img fetchpriority=\"high\" decoding=\"async\" class=\"alignnone size-full wp-image-29\" src=\"https:\/\/docs.supershippingwoo.com\/wp-content\/uploads\/2023\/04\/Imagen-1b.png\" alt=\"\" width=\"1192\" height=\"403\" srcset=\"https:\/\/docs.supershippingwoo.com\/wp-content\/uploads\/2023\/04\/Imagen-1b.png 1192w, https:\/\/docs.supershippingwoo.com\/wp-content\/uploads\/2023\/04\/Imagen-1b-768x260.png 768w\" sizes=\"(max-width: 1192px) 100vw, 1192px\" \/><\/p><\/li><li>Accede a tu panel de administraci\u00f3n de WordPress y entra en \u00abPlugins &gt; A\u00f1adir nuevo\u00bb y despu\u00e9s haz clic en \u00abSubir plugin\u00bb. Por \u00faltimo, haz clic en seleccionar archivo.<br \/><br \/><p><img decoding=\"async\" class=\"alignnone size-full wp-image-30\" src=\"https:\/\/docs.supershippingwoo.com\/wp-content\/uploads\/2023\/04\/imagen-2.png\" alt=\"\" width=\"2388\" height=\"1198\" srcset=\"https:\/\/docs.supershippingwoo.com\/wp-content\/uploads\/2023\/04\/imagen-2.png 2388w, https:\/\/docs.supershippingwoo.com\/wp-content\/uploads\/2023\/04\/imagen-2-768x385.png 768w, https:\/\/docs.supershippingwoo.com\/wp-content\/uploads\/2023\/04\/imagen-2-1536x771.png 1536w, https:\/\/docs.supershippingwoo.com\/wp-content\/uploads\/2023\/04\/imagen-2-2048x1027.png 2048w\" sizes=\"(max-width: 2388px) 100vw, 2388px\" \/><\/p><\/li><li><p>Busca el archivo .zip del plugin que acabas de descargar, selecci\u00f3nalo y haz clic en \u00abInstalar ahora\u00bb.<\/p><\/li><li><p><span dir=\"ltr\">Haz clic en \u00abActivar plugin\u00bb.<\/span><\/p><p><img decoding=\"async\" class=\"alignnone size-full wp-image-31\" src=\"https:\/\/docs.supershippingwoo.com\/wp-content\/uploads\/2023\/04\/imagen-3.png\" alt=\"\" width=\"1414\" height=\"418\" srcset=\"https:\/\/docs.supershippingwoo.com\/wp-content\/uploads\/2023\/04\/imagen-3.png 1414w, https:\/\/docs.supershippingwoo.com\/wp-content\/uploads\/2023\/04\/imagen-3-768x227.png 768w\" sizes=\"(max-width: 1414px) 100vw, 1414px\" \/><\/p><\/li><li><p><span dir=\"ltr\">Una vez activado, aparecer\u00e1 un nuevo acceso en el men\u00fa lateral izquierdo de WordPress llamado \u00abWooCommerce Super Shipping\u00bb, donde tendr\u00e1s que introducir el <strong>C\u00f3digo de Licencia<\/strong> para desbloquearlo.<\/span><\/p><p><img loading=\"lazy\" decoding=\"async\" class=\"alignnone size-full wp-image-34\" src=\"https:\/\/docs.supershippingwoo.com\/wp-content\/uploads\/2023\/04\/Imagen-7.png\" alt=\"\" width=\"893\" height=\"656\" srcset=\"https:\/\/docs.supershippingwoo.com\/wp-content\/uploads\/2023\/04\/Imagen-7.png 893w, https:\/\/docs.supershippingwoo.com\/wp-content\/uploads\/2023\/04\/Imagen-7-768x564.png 768w\" sizes=\"(max-width: 893px) 100vw, 893px\" \/><\/p><\/li><li><span dir=\"ltr\"><span dir=\"ltr\"><span dir=\"ltr\">El C\u00f3digo lo tendr\u00e1s siempre a mano en la pesta\u00f1a \u00abLicencias\u00bb de tu cuenta de Usuario de la web.<\/span><\/span><\/span><p><img loading=\"lazy\" decoding=\"async\" class=\"alignnone size-full wp-image-32\" src=\"https:\/\/docs.supershippingwoo.com\/wp-content\/uploads\/2023\/04\/Imagen-5.png\" alt=\"\" width=\"1197\" height=\"269\" srcset=\"https:\/\/docs.supershippingwoo.com\/wp-content\/uploads\/2023\/04\/Imagen-5.png 1197w, https:\/\/docs.supershippingwoo.com\/wp-content\/uploads\/2023\/04\/Imagen-5-768x173.png 768w\" sizes=\"(max-width: 1197px) 100vw, 1197px\" \/><\/p><p><img loading=\"lazy\" decoding=\"async\" class=\"alignnone size-full wp-image-33\" src=\"https:\/\/docs.supershippingwoo.com\/wp-content\/uploads\/2023\/04\/Imagen-6b.jpg\" alt=\"\" width=\"1194\" height=\"688\" srcset=\"https:\/\/docs.supershippingwoo.com\/wp-content\/uploads\/2023\/04\/Imagen-6b.jpg 1194w, https:\/\/docs.supershippingwoo.com\/wp-content\/uploads\/2023\/04\/Imagen-6b-768x443.jpg 768w\" sizes=\"(max-width: 1194px) 100vw, 1194px\" \/><\/p><\/li><li><p><span dir=\"ltr\">Copia y pega el c\u00f3digo, introduce tu email, act\u00edvalo y \u00a1ya lo tienes en funcionamiento!<\/span><\/p><\/li><li><p><span dir=\"ltr\">Por \u00faltimo, aparecer\u00e1 el Asistente de Configuraci\u00f3n que te explicar\u00e1, mediante 2 v\u00eddeos, en el proceso de crear tus primeros gastos de env\u00edo.<\/span><\/p><p><img loading=\"lazy\" decoding=\"async\" class=\"alignnone size-full wp-image-35\" src=\"https:\/\/docs.supershippingwoo.com\/wp-content\/uploads\/2023\/04\/imagen-4.gif\" alt=\"\" width=\"540\" height=\"404\" \/><\/p><\/li><\/ol>\t\t\t\t\t\t\t\t<\/div>\n\t\t\t\t<\/div>\n\t\t\t\t<\/div>\n\t\t\t\t\t<\/div>\n\t\t\t\t<\/div>\n\t\t\t\t<\/div>\n\t\t","protected":false},"excerpt":{"rendered":"<p>Instalar y Activar Super Shipping para WooCommerce Para instalar el plugin Super Shipping para WooCommerce simplemente debes seguir estos pasos: Una vez hayas completado tu compra, recibira\u0301s un email con el resumen de tu pedido y el enlace de descarga del plugin. Simplemente haz clic sobre el enlace que vera\u0301s en el email.Tambi\u00e9n podr\u00e1s descargar [&hellip;]<\/p>\n","protected":false},"author":2,"featured_media":0,"parent":0,"menu_order":0,"comment_status":"closed","ping_status":"closed","template":"","meta":{"footnotes":""},"class_list":["post-26","page","type-page","status-publish","hentry"],"_links":{"self":[{"href":"https:\/\/docs.supershippingwoo.com\/en\/wp-json\/wp\/v2\/pages\/26","targetHints":{"allow":["GET"]}}],"collection":[{"href":"https:\/\/docs.supershippingwoo.com\/en\/wp-json\/wp\/v2\/pages"}],"about":[{"href":"https:\/\/docs.supershippingwoo.com\/en\/wp-json\/wp\/v2\/types\/page"}],"author":[{"embeddable":true,"href":"https:\/\/docs.supershippingwoo.com\/en\/wp-json\/wp\/v2\/users\/2"}],"replies":[{"embeddable":true,"href":"https:\/\/docs.supershippingwoo.com\/en\/wp-json\/wp\/v2\/comments?post=26"}],"version-history":[{"count":67,"href":"https:\/\/docs.supershippingwoo.com\/en\/wp-json\/wp\/v2\/pages\/26\/revisions"}],"predecessor-version":[{"id":464,"href":"https:\/\/docs.supershippingwoo.com\/en\/wp-json\/wp\/v2\/pages\/26\/revisions\/464"}],"wp:attachment":[{"href":"https:\/\/docs.supershippingwoo.com\/en\/wp-json\/wp\/v2\/media?parent=26"}],"curies":[{"name":"wp","href":"https:\/\/api.w.org\/{rel}","templated":true}]}}