{"id":270,"date":"2023-04-19T19:05:18","date_gmt":"2023-04-19T17:05:18","guid":{"rendered":"https:\/\/docs.supershippingwoo.com\/?page_id=270"},"modified":"2023-05-10T20:43:18","modified_gmt":"2023-05-10T18:43:18","slug":"shipping-rates-per-items-count","status":"publish","type":"page","link":"https:\/\/docs.supershippingwoo.com\/en\/gastos-de-envio-por-numero-de-productos\/","title":{"rendered":"Gastos de envi\u0301o por nu\u0301mero de productos"},"content":{"rendered":"\t\t<div data-elementor-type=\"wp-page\" data-elementor-id=\"270\" class=\"elementor elementor-270\" data-elementor-post-type=\"page\">\n\t\t\t\t<div class=\"elementor-element elementor-element-73feffe e-flex e-con-boxed e-con e-parent\" data-id=\"73feffe\" data-element_type=\"container\" data-e-type=\"container\" data-settings=\"{&quot;background_background&quot;:&quot;classic&quot;}\">\n\t\t\t\t\t<div class=\"e-con-inner\">\n\t\t<div class=\"elementor-element elementor-element-c4910b9 e-con-full elementor-hidden-mobile e-flex e-con e-parent\" data-id=\"c4910b9\" data-element_type=\"container\" data-e-type=\"container\" data-settings=\"{&quot;sticky&quot;:&quot;top&quot;,&quot;sticky_offset&quot;:150,&quot;sticky_parent&quot;:&quot;yes&quot;,&quot;sticky_on&quot;:[&quot;desktop&quot;,&quot;tablet&quot;],&quot;sticky_effects_offset&quot;:0,&quot;sticky_anchor_link_offset&quot;:0}\">\n\t\t\t\t<div class=\"elementor-element elementor-element-f760604 elementor-widget elementor-widget-template\" data-id=\"f760604\" data-element_type=\"widget\" data-e-type=\"widget\" data-widget_type=\"template.default\">\n\t\t\t\t<div class=\"elementor-widget-container\">\n\t\t\t\t\t\t\t<div class=\"elementor-template\">\n\t\t\t\t\t<div data-elementor-type=\"container\" data-elementor-id=\"445\" class=\"elementor elementor-445\" data-elementor-post-type=\"elementor_library\">\n\t\t\t\t<div class=\"elementor-element elementor-element-314d697 e-con-full elementor-hidden-mobile e-flex e-con e-parent\" data-id=\"314d697\" data-element_type=\"container\" data-e-type=\"container\" data-settings=\"{&quot;background_background&quot;:&quot;classic&quot;}\">\n\t\t\t\t<div class=\"elementor-element elementor-element-0046a49 elementor-widget elementor-widget-heading\" data-id=\"0046a49\" data-element_type=\"widget\" data-e-type=\"widget\" data-widget_type=\"heading.default\">\n\t\t\t\t<div class=\"elementor-widget-container\">\n\t\t\t\t\t<h3 class=\"elementor-heading-title elementor-size-default\"><a href=\"https:\/\/docs.supershippingwoo.com\/\">\u2699\ufe0f Sumario<\/a><\/h3>\t\t\t\t<\/div>\n\t\t\t\t<\/div>\n\t\t\t\t<div class=\"elementor-element elementor-element-fc6052c elementor-widget-divider--view-line elementor-widget elementor-widget-divider\" data-id=\"fc6052c\" data-element_type=\"widget\" data-e-type=\"widget\" data-widget_type=\"divider.default\">\n\t\t\t\t<div class=\"elementor-widget-container\">\n\t\t\t\t\t\t\t<div class=\"elementor-divider\">\n\t\t\t<span class=\"elementor-divider-separator\">\n\t\t\t\t\t\t<\/span>\n\t\t<\/div>\n\t\t\t\t\t\t<\/div>\n\t\t\t\t<\/div>\n\t\t\t\t<div class=\"elementor-element elementor-element-72e4ed9 elementor-widget elementor-widget-heading\" data-id=\"72e4ed9\" data-element_type=\"widget\" data-e-type=\"widget\" data-widget_type=\"heading.default\">\n\t\t\t\t<div class=\"elementor-widget-container\">\n\t\t\t\t\t<h3 class=\"elementor-heading-title elementor-size-default\">Instalaci\u00f3n<\/h3>\t\t\t\t<\/div>\n\t\t\t\t<\/div>\n\t\t\t\t<div class=\"elementor-element elementor-element-34f56ee elementor-icon-list--layout-traditional elementor-list-item-link-full_width elementor-widget elementor-widget-icon-list\" data-id=\"34f56ee\" data-element_type=\"widget\" data-e-type=\"widget\" data-widget_type=\"icon-list.default\">\n\t\t\t\t<div class=\"elementor-widget-container\">\n\t\t\t\t\t\t\t<ul class=\"elementor-icon-list-items\">\n\t\t\t\t\t\t\t<li class=\"elementor-icon-list-item\">\n\t\t\t\t\t\t\t\t\t\t\t<a href=\"https:\/\/docs.supershippingwoo.com\/instalar-y-activar-super-shipping-para-woocommerce\/\">\n\n\t\t\t\t\t\t\t\t\t\t\t<span class=\"elementor-icon-list-text\">Instalar y activar Super Shipping<\/span>\n\t\t\t\t\t\t\t\t\t\t\t<\/a>\n\t\t\t\t\t\t\t\t\t<\/li>\n\t\t\t\t\t\t\t\t<li class=\"elementor-icon-list-item\">\n\t\t\t\t\t\t\t\t\t\t\t<a href=\"https:\/\/docs.supershippingwoo.com\/actualizar-super-shipping-para-woocommerce\/\">\n\n\t\t\t\t\t\t\t\t\t\t\t<span class=\"elementor-icon-list-text\">Actualizar Super Shipping<\/span>\n\t\t\t\t\t\t\t\t\t\t\t<\/a>\n\t\t\t\t\t\t\t\t\t<\/li>\n\t\t\t\t\t\t\t\t<li class=\"elementor-icon-list-item\">\n\t\t\t\t\t\t\t\t\t\t\t<a href=\"https:\/\/docs.supershippingwoo.com\/actualizar-super-shipping-para-woocommerce-desde-la-version-1-2-7-o-anteriores\/\">\n\n\t\t\t\t\t\t\t\t\t\t\t<span class=\"elementor-icon-list-text\">Actualizar desde la versi\u00f3n 1.2.7<\/span>\n\t\t\t\t\t\t\t\t\t\t\t<\/a>\n\t\t\t\t\t\t\t\t\t<\/li>\n\t\t\t\t\t\t<\/ul>\n\t\t\t\t\t\t<\/div>\n\t\t\t\t<\/div>\n\t\t\t\t<div class=\"elementor-element elementor-element-82c73f8 elementor-widget elementor-widget-heading\" data-id=\"82c73f8\" data-element_type=\"widget\" data-e-type=\"widget\" data-widget_type=\"heading.default\">\n\t\t\t\t<div class=\"elementor-widget-container\">\n\t\t\t\t\t<h3 class=\"elementor-heading-title elementor-size-default\">Configuraci\u00f3n b\u00e1sica<\/h3>\t\t\t\t<\/div>\n\t\t\t\t<\/div>\n\t\t\t\t<div class=\"elementor-element elementor-element-aa656e3 elementor-icon-list--layout-traditional elementor-list-item-link-full_width elementor-widget elementor-widget-icon-list\" data-id=\"aa656e3\" data-element_type=\"widget\" data-e-type=\"widget\" data-widget_type=\"icon-list.default\">\n\t\t\t\t<div class=\"elementor-widget-container\">\n\t\t\t\t\t\t\t<ul class=\"elementor-icon-list-items\">\n\t\t\t\t\t\t\t<li class=\"elementor-icon-list-item\">\n\t\t\t\t\t\t\t\t\t\t\t<a href=\"https:\/\/docs.supershippingwoo.com\/crea-tu-primera-zona-de-envio\/\">\n\n\t\t\t\t\t\t\t\t\t\t\t<span class=\"elementor-icon-list-text\">Crea tu primera zona de envi\u0301o<\/span>\n\t\t\t\t\t\t\t\t\t\t\t<\/a>\n\t\t\t\t\t\t\t\t\t<\/li>\n\t\t\t\t\t\t\t\t<li class=\"elementor-icon-list-item\">\n\t\t\t\t\t\t\t\t\t\t\t<a href=\"https:\/\/docs.supershippingwoo.com\/guia-rapida-para-configurar-tus-primeros-gastos-de-envio\/\">\n\n\t\t\t\t\t\t\t\t\t\t\t<span class=\"elementor-icon-list-text\">Configura tus primeros gastos de envi\u0301o<\/span>\n\t\t\t\t\t\t\t\t\t\t\t<\/a>\n\t\t\t\t\t\t\t\t\t<\/li>\n\t\t\t\t\t\t\t\t<li class=\"elementor-icon-list-item\">\n\t\t\t\t\t\t\t\t\t\t\t<a href=\"https:\/\/docs.supershippingwoo.com\/ajustes-generales-de-super-shipping-para-woocommerce\/\">\n\n\t\t\t\t\t\t\t\t\t\t\t<span class=\"elementor-icon-list-text\">Ajustes Generales de Super Shipping<\/span>\n\t\t\t\t\t\t\t\t\t\t\t<\/a>\n\t\t\t\t\t\t\t\t\t<\/li>\n\t\t\t\t\t\t<\/ul>\n\t\t\t\t\t\t<\/div>\n\t\t\t\t<\/div>\n\t\t\t\t<div class=\"elementor-element elementor-element-b5b2213 elementor-widget elementor-widget-heading\" data-id=\"b5b2213\" data-element_type=\"widget\" data-e-type=\"widget\" data-widget_type=\"heading.default\">\n\t\t\t\t<div class=\"elementor-widget-container\">\n\t\t\t\t\t<h3 class=\"elementor-heading-title elementor-size-default\">Configuraci\u00f3n avanzada<\/h3>\t\t\t\t<\/div>\n\t\t\t\t<\/div>\n\t\t\t\t<div class=\"elementor-element elementor-element-ad42756 elementor-widget elementor-widget-toggle\" data-id=\"ad42756\" data-element_type=\"widget\" data-e-type=\"widget\" data-widget_type=\"toggle.default\">\n\t\t\t\t<div class=\"elementor-widget-container\">\n\t\t\t\t\t\t\t<div class=\"elementor-toggle\">\n\t\t\t\t\t\t\t<div class=\"elementor-toggle-item\">\n\t\t\t\t\t<div id=\"elementor-tab-title-1811\" class=\"elementor-tab-title\" data-tab=\"1\" role=\"button\" aria-controls=\"elementor-tab-content-1811\" aria-expanded=\"false\">\n\t\t\t\t\t\t\t\t\t\t\t\t<span class=\"elementor-toggle-icon elementor-toggle-icon-right\" aria-hidden=\"true\">\n\t\t\t\t\t\t\t\t\t\t\t\t\t\t\t<span class=\"elementor-toggle-icon-closed\"><i class=\"fas fa-angle-right\"><\/i><\/span>\n\t\t\t\t\t\t\t\t<span class=\"elementor-toggle-icon-opened\"><i class=\"elementor-toggle-icon-opened fas fa-angle-down\"><\/i><\/span>\n\t\t\t\t\t\t\t\t\t\t\t\t\t<\/span>\n\t\t\t\t\t\t\t\t\t\t\t\t<a class=\"elementor-toggle-title\" tabindex=\"0\">Zonas de env\u00edo<\/a>\n\t\t\t\t\t<\/div>\n\n\t\t\t\t\t<div id=\"elementor-tab-content-1811\" class=\"elementor-tab-content elementor-clearfix\" data-tab=\"1\" role=\"region\" aria-labelledby=\"elementor-tab-title-1811\"><p><a href=\"https:\/\/docs.supershippingwoo.com\/zonas-de-envio\/\">\u00b7 Crear zonas de env\u00edo<\/a><\/p><\/div>\n\t\t\t\t<\/div>\n\t\t\t\t\t\t\t\t<\/div>\n\t\t\t\t\t\t<\/div>\n\t\t\t\t<\/div>\n\t\t\t\t<div class=\"elementor-element elementor-element-6ea6c4e elementor-widget elementor-widget-toggle\" data-id=\"6ea6c4e\" data-element_type=\"widget\" data-e-type=\"widget\" data-widget_type=\"toggle.default\">\n\t\t\t\t<div class=\"elementor-widget-container\">\n\t\t\t\t\t\t\t<div class=\"elementor-toggle\">\n\t\t\t\t\t\t\t<div class=\"elementor-toggle-item\">\n\t\t\t\t\t<div id=\"elementor-tab-title-1161\" class=\"elementor-tab-title\" data-tab=\"1\" role=\"button\" aria-controls=\"elementor-tab-content-1161\" aria-expanded=\"false\">\n\t\t\t\t\t\t\t\t\t\t\t\t<span class=\"elementor-toggle-icon elementor-toggle-icon-right\" aria-hidden=\"true\">\n\t\t\t\t\t\t\t\t\t\t\t\t\t\t\t<span class=\"elementor-toggle-icon-closed\"><i class=\"fas fa-angle-right\"><\/i><\/span>\n\t\t\t\t\t\t\t\t<span class=\"elementor-toggle-icon-opened\"><i class=\"elementor-toggle-icon-opened fas fa-angle-down\"><\/i><\/span>\n\t\t\t\t\t\t\t\t\t\t\t\t\t<\/span>\n\t\t\t\t\t\t\t\t\t\t\t\t<a class=\"elementor-toggle-title\" tabindex=\"0\">Tipos de c\u00e1lculo de los gastos de env\u00edo<\/a>\n\t\t\t\t\t<\/div>\n\n\t\t\t\t\t<div id=\"elementor-tab-content-1161\" class=\"elementor-tab-content elementor-clearfix\" data-tab=\"1\" role=\"region\" aria-labelledby=\"elementor-tab-title-1161\"><p><a href=\"https:\/\/docs.supershippingwoo.com\/tipo-de-calculo-por-pedido\/\">\u00b7 Tipo de c\u00e1lculo &#8211; Por pedido (el carrito es una \u00fanica cesta)<\/a><br \/><a href=\"https:\/\/docs.supershippingwoo.com\/tipo-de-calculo-por-articulo\/\">\u00b7 Tipo de c\u00e1lculo &#8211; Por l\u00ednea de art\u00edculos (cada producto en el carrito es una cesta)<\/a><br \/><a href=\"https:\/\/docs.supershippingwoo.com\/tipo-de-calculo-por-clases-de-envio\/\">\u00b7 Tipo de ca\u0301lculo &#8211; Por clase de envi\u0301o (cuando se usan las clases de env\u00edo)<\/a><\/p><\/div>\n\t\t\t\t<\/div>\n\t\t\t\t\t\t\t\t<\/div>\n\t\t\t\t\t\t<\/div>\n\t\t\t\t<\/div>\n\t\t\t\t<div class=\"elementor-element elementor-element-150ef9a elementor-widget elementor-widget-toggle\" data-id=\"150ef9a\" data-element_type=\"widget\" data-e-type=\"widget\" data-widget_type=\"toggle.default\">\n\t\t\t\t<div class=\"elementor-widget-container\">\n\t\t\t\t\t\t\t<div class=\"elementor-toggle\">\n\t\t\t\t\t\t\t<div class=\"elementor-toggle-item\">\n\t\t\t\t\t<div id=\"elementor-tab-title-2201\" class=\"elementor-tab-title\" data-tab=\"1\" role=\"button\" aria-controls=\"elementor-tab-content-2201\" aria-expanded=\"false\">\n\t\t\t\t\t\t\t\t\t\t\t\t<span class=\"elementor-toggle-icon elementor-toggle-icon-right\" aria-hidden=\"true\">\n\t\t\t\t\t\t\t\t\t\t\t\t\t\t\t<span class=\"elementor-toggle-icon-closed\"><i class=\"fas fa-angle-right\"><\/i><\/span>\n\t\t\t\t\t\t\t\t<span class=\"elementor-toggle-icon-opened\"><i class=\"elementor-toggle-icon-opened fas fa-angle-down\"><\/i><\/span>\n\t\t\t\t\t\t\t\t\t\t\t\t\t<\/span>\n\t\t\t\t\t\t\t\t\t\t\t\t<a class=\"elementor-toggle-title\" tabindex=\"0\">Tipos de gastos de env\u00edo<\/a>\n\t\t\t\t\t<\/div>\n\n\t\t\t\t\t<div id=\"elementor-tab-content-2201\" class=\"elementor-tab-content elementor-clearfix\" data-tab=\"1\" role=\"region\" aria-labelledby=\"elementor-tab-title-2201\"><p><a href=\"https:\/\/docs.supershippingwoo.com\/gastos-de-envio-por-peso\/\">\u00b7 Gastos de envi\u0301o por peso<\/a><br \/><a href=\"https:\/\/docs.supershippingwoo.com\/gastos-de-envio-por-precio\/\">\u00b7 Gastos de env\u00edo por precio<\/a><br \/><a href=\"https:\/\/docs.supershippingwoo.com\/gastos-de-envio-por-numero-de-productos\/\">\u00b7 Gastos de envi\u0301o por n\u00ba de unidades<\/a><br \/><a href=\"https:\/\/docs.supershippingwoo.com\/gastos-de-envio-por-peso-volumetrico\/\">\u00b7 Gastos de envi\u0301o por peso volume\u0301trico<\/a><br \/><a href=\"https:\/\/docs.supershippingwoo.com\/gastos-de-envio-por-volumen\/\">\u00b7 Gastos de envi\u0301o por volumen<\/a><\/p><\/div>\n\t\t\t\t<\/div>\n\t\t\t\t\t\t\t\t<\/div>\n\t\t\t\t\t\t<\/div>\n\t\t\t\t<\/div>\n\t\t\t\t<div class=\"elementor-element elementor-element-389f4e8 elementor-widget elementor-widget-toggle\" data-id=\"389f4e8\" data-element_type=\"widget\" data-e-type=\"widget\" data-widget_type=\"toggle.default\">\n\t\t\t\t<div class=\"elementor-widget-container\">\n\t\t\t\t\t\t\t<div class=\"elementor-toggle\">\n\t\t\t\t\t\t\t<div class=\"elementor-toggle-item\">\n\t\t\t\t\t<div id=\"elementor-tab-title-5931\" class=\"elementor-tab-title\" data-tab=\"1\" role=\"button\" aria-controls=\"elementor-tab-content-5931\" aria-expanded=\"false\">\n\t\t\t\t\t\t\t\t\t\t\t\t<span class=\"elementor-toggle-icon elementor-toggle-icon-right\" aria-hidden=\"true\">\n\t\t\t\t\t\t\t\t\t\t\t\t\t\t\t<span class=\"elementor-toggle-icon-closed\"><i class=\"fas fa-angle-right\"><\/i><\/span>\n\t\t\t\t\t\t\t\t<span class=\"elementor-toggle-icon-opened\"><i class=\"elementor-toggle-icon-opened fas fa-angle-down\"><\/i><\/span>\n\t\t\t\t\t\t\t\t\t\t\t\t\t<\/span>\n\t\t\t\t\t\t\t\t\t\t\t\t<a class=\"elementor-toggle-title\" tabindex=\"0\">Ajustes avanzados<\/a>\n\t\t\t\t\t<\/div>\n\n\t\t\t\t\t<div id=\"elementor-tab-content-5931\" class=\"elementor-tab-content elementor-clearfix\" data-tab=\"1\" role=\"region\" aria-labelledby=\"elementor-tab-title-5931\"><p><a href=\"https:\/\/docs.supershippingwoo.com\/prioridad-de-clases-de-envio\/\">\u00b7 Prioridad de clases de envi\u0301o<\/a><br \/><a href=\"https:\/\/docs.supershippingwoo.com\/tasas-extra-de-envio\/\">\u00b7 Tasas extra de envi\u0301o<\/a><br \/><a href=\"https:\/\/docs.supershippingwoo.com\/importar-y-exportar-reglas\/\">\u00b7 Importar y Exportar Reglas<\/a><br \/><a href=\"https:\/\/docs.supershippingwoo.com\/traducir-los-metodos-de-envio-con-wpml\/\">\u00b7 Traducir los m\u00e9todos de env\u00edo con WPML<\/a><\/p><\/div>\n\t\t\t\t<\/div>\n\t\t\t\t\t\t\t\t<\/div>\n\t\t\t\t\t\t<\/div>\n\t\t\t\t<\/div>\n\t\t\t\t<div class=\"elementor-element elementor-element-770f94b elementor-widget elementor-widget-toggle\" data-id=\"770f94b\" data-element_type=\"widget\" data-e-type=\"widget\" data-widget_type=\"toggle.default\">\n\t\t\t\t<div class=\"elementor-widget-container\">\n\t\t\t\t\t\t\t<div class=\"elementor-toggle\">\n\t\t\t\t\t\t\t<div class=\"elementor-toggle-item\">\n\t\t\t\t\t<div id=\"elementor-tab-title-1241\" class=\"elementor-tab-title\" data-tab=\"1\" role=\"button\" aria-controls=\"elementor-tab-content-1241\" aria-expanded=\"false\">\n\t\t\t\t\t\t\t\t\t\t\t\t<span class=\"elementor-toggle-icon elementor-toggle-icon-right\" aria-hidden=\"true\">\n\t\t\t\t\t\t\t\t\t\t\t\t\t\t\t<span class=\"elementor-toggle-icon-closed\"><i class=\"fas fa-angle-right\"><\/i><\/span>\n\t\t\t\t\t\t\t\t<span class=\"elementor-toggle-icon-opened\"><i class=\"elementor-toggle-icon-opened fas fa-angle-down\"><\/i><\/span>\n\t\t\t\t\t\t\t\t\t\t\t\t\t<\/span>\n\t\t\t\t\t\t\t\t\t\t\t\t<a class=\"elementor-toggle-title\" tabindex=\"0\">Ejemplos de uso<\/a>\n\t\t\t\t\t<\/div>\n\n\t\t\t\t\t<div id=\"elementor-tab-content-1241\" class=\"elementor-tab-content elementor-clearfix\" data-tab=\"1\" role=\"region\" aria-labelledby=\"elementor-tab-title-1241\"><p><a href=\"https:\/\/docs.supershippingwoo.com\/gastos-de-envio-segun-peso-y-gratis-a-partir-de-100e-de-gasto\/\">\u00b7 Gastos de envi\u0301o segu\u0301n peso y gratis a partir de 100\u20ac<\/a><br \/><a href=\"https:\/\/docs.supershippingwoo.com\/2-agencias-de-envio-con-diferentes-tarifas-para-la-misma-zona\/\">\u00b7 2 Agencias de envi\u0301o para la misma zona<\/a><br \/><a href=\"https:\/\/docs.supershippingwoo.com\/gastos-de-envio-diferentes-segun-el-tipo-de-producto-o-grupo-de-productos\/\">\u00b7 Gastos de envi\u0301o diferentes segu\u0301n el tipo de producto (o grupo de productos)<\/a><br \/><a href=\"https:\/\/docs.supershippingwoo.com\/gastos-de-envio-diferentes-segun-el-proveedor-aplicable-a-dropshipping\/\">\u00b7 Gastos de env\u00edo diferentes seg\u00fan el proveedor (aplicable a Dropshipping)<\/a><br \/><a href=\"https:\/\/docs.supershippingwoo.com\/incrementar-el-gasto-de-envio-por-cada-unidad-anadida-al-carrito\/\">\u00b7 Incrementar el gasto de env\u00edo por cada unidad a\u00f1adida al carrito<\/a><\/p><\/div>\n\t\t\t\t<\/div>\n\t\t\t\t\t\t\t\t<\/div>\n\t\t\t\t\t\t<\/div>\n\t\t\t\t<\/div>\n\t\t\t\t<div class=\"elementor-element elementor-element-dcdbe2f elementor-widget elementor-widget-heading\" data-id=\"dcdbe2f\" data-element_type=\"widget\" data-e-type=\"widget\" data-widget_type=\"heading.default\">\n\t\t\t\t<div class=\"elementor-widget-container\">\n\t\t\t\t\t<h6 class=\"elementor-heading-title elementor-size-default\"><a href=\"https:\/\/docs.supershippingwoo.com\/changelog-historial-de-cambios\/\">Changelog<\/a><\/h6>\t\t\t\t<\/div>\n\t\t\t\t<\/div>\n\t\t\t\t<\/div>\n\t\t\t\t<\/div>\n\t\t\t\t<\/div>\n\t\t\t\t\t\t<\/div>\n\t\t\t\t<\/div>\n\t\t\t\t<\/div>\n\t\t<div class=\"elementor-element elementor-element-db2a6f6 e-con-full e-flex e-con e-parent\" data-id=\"db2a6f6\" data-element_type=\"container\" data-e-type=\"container\">\n\t\t\t\t<div class=\"elementor-element elementor-element-3b886ca elementor-widget elementor-widget-heading\" data-id=\"3b886ca\" data-element_type=\"widget\" data-e-type=\"widget\" data-widget_type=\"heading.default\">\n\t\t\t\t<div class=\"elementor-widget-container\">\n\t\t\t\t\t<h2 class=\"elementor-heading-title elementor-size-default\">Gastos de envi\u0301o por nu\u0301mero de unidades<\/h2>\t\t\t\t<\/div>\n\t\t\t\t<\/div>\n\t\t\t\t<div class=\"elementor-element elementor-element-f2f5a02 elementor-widget elementor-widget-text-editor\" data-id=\"f2f5a02\" data-element_type=\"widget\" data-e-type=\"widget\" data-widget_type=\"text-editor.default\">\n\t\t\t\t<div class=\"elementor-widget-container\">\n\t\t\t\t\t\t\t\t\t<p dir=\"ltr\"><span dir=\"ltr\">Super Shipping para WooCommerce tambie\u0301n te permite configurar reglas de envi\u0301o basadas en el nu\u0301mero total de unidades en el carrito (puede haber varias unidades de cada producto).<\/span><\/p><p>Por ejemplo, imaginemos una tienda de camisetas donde el peso de todos los modelos de camiseta es insignificante. En este caso, nos resulta ma\u0301s interesante aplicar la tarifa de envi\u0301os en funcio\u0301n del nu\u0301mero de camisetas que se vayan a enviar.<\/p><p>De esta forma, podemos crear las siguientes reglas de envi\u0301o basadas en nu\u0301mero de unidades:<\/p><table><thead><tr><td>Clase de env\u00edo<\/td><td>Condici\u00f3n<\/td><td>Rango [min]\u00a0<\/td><td>y [max]<\/td><td>Coste<\/td><td>Coste por ud. adicional<\/td><\/tr><\/thead><tbody><tr><td>Sin clase<\/td><td>N\u00famero de unidades<\/td><td>0<\/td><td>5<\/td><td>4<\/td><td>(Dejar vac\u00edo)<\/td><\/tr><tr><td>Sin clase<\/td><td>N\u00famero de unidades<\/td><td>5<\/td><td>10<\/td><td>8<\/td><td>(Dejar vac\u00edo)<\/td><\/tr><tr><td>Sin clase<\/td><td>N\u00famero de unidades<\/td><td>10<\/td><td>20<\/td><td>15<\/td><td>(Dejar vac\u00edo)<\/td><\/tr><tr><td>Sin clase<\/td><td>N\u00famero de unidades<\/td><td>20<\/td><td>*<\/td><td>20<\/td><td>(Dejar vac\u00edo)<\/td><\/tr><\/tbody><\/table><p>Basa\u0301ndonos en la tabla con las reglas de envi\u0301o anteriores, si hacemos un pedido de 6 camisetas, el plugin calculara\u0301 un gasto de envi\u0301o de 8\u20ac.<\/p><p><span dir=\"ltr\">Y si hacemos un pedido de 30 camisetas, el plugin nos aplicara\u0301 20\u20ac de gastos de envi\u0301o, ya que en la u\u0301ltima regla de envi\u0301o le hemos indicado con el asterisco * que a cualquier pedido por encima de 20 unidades se le aplicara\u0301 siempre un gasto de envi\u0301o de 20\u20ac.<\/span><\/p><p><span dir=\"ltr\">Tambi\u00e9n puedes cobrar un importe por unidad adicional a\u00f1adido al carrito. En el ejemplo, si alguien a\u00f1ade 22 unidades y queremos cobrar esas 2 unidades de m\u00e1s, tendremos que especificar el precio por cada unidad de m\u00e1s en la \u00faltima casilla de la tabla \u00abCoste por ud. adicional\u00bb. Si ponemos, por ejemplo, 1\u20ac, el total de los gastos de env\u00edo ser\u00edan 22\u20ac (20\u20ac + 1\u20ac +1\u20ac).<\/span><\/p><table><thead><tr><td>Clase de env\u00edo<\/td><td>Condici\u00f3n<\/td><td>Rango [min]\u00a0<\/td><td>y [max]<\/td><td>Coste<\/td><td>Coste por ud. adicional<\/td><\/tr><\/thead><tbody><tr><td>Sin clase<\/td><td>N\u00famero de unidades<\/td><td>0<\/td><td>5<\/td><td>4<\/td><td>(Dejar vac\u00edo)<\/td><\/tr><tr><td>Sin clase<\/td><td>N\u00famero de unidades<\/td><td>5<\/td><td>10<\/td><td>8<\/td><td>(Dejar vac\u00edo)<\/td><\/tr><tr><td>Sin clase<\/td><td>N\u00famero de unidades<\/td><td>10<\/td><td>20<\/td><td>15<\/td><td>(Dejar vac\u00edo)<\/td><\/tr><tr><td>Sin clase<\/td><td>N\u00famero de unidades<\/td><td>20<\/td><td>*<\/td><td>20<\/td><td><span dir=\"ltr\">1<\/span><\/td><\/tr><\/tbody><\/table><p><span dir=\"ltr\" style=\"color: #ff0000;\"><strong>IMPORTANTE:<\/strong> Siempre que necesites a\u00f1adir un coste por unidad adicional, debes de asegurarte de a\u00f1adir el asterisco <strong>*<\/strong> como valor m\u00e1ximo del rango de la \u00faltima fila. De lo contrario, el coste por unidad adicional no se aplicar\u00e1.<\/span><\/p><p dir=\"ltr\"><strong>IMPORTANTE:\u00a0<\/strong>Hay que tener en cuenta que los rangos se contabilizan hasta el <span style=\"text-decoration: underline;\">m\u00e1ximo inclusive<\/span>. F\u00edjate que los tramos son correlativos, pero, en realidad, Super Shipping toma como <span style=\"text-decoration: underline;\">unidad absoluta<\/span> el rango m\u00e1ximo. Es decir, que un rango de 5 a 10, por ejemplo, se contabilizar\u00eda (en cualquier condici\u00f3n) a partir de 5 no inclusive (o sea, algo as\u00ed como 5,0001, por mostr\u00e1rtelo gr\u00e1ficamente) hasta 10 inclusive (10 absoluto).<\/p><p dir=\"ltr\"><strong>IMPORTANTE (BIS): <\/strong>Ahondando en esta nota anterior, aseg\u00farate siempre de que el rango m\u00ednimo de la primera l\u00ednea sea 0 (cero), ya que la comparaci\u00f3n se hace para valores MAYORES del rango m\u00ednimo, como hemos explicado. Imaginemos que alguien a\u00f1ade al carrito, usando esta regla, 1 art\u00edculo. Si en el rango m\u00ednimo de nuestra configuraci\u00f3n pusi\u00e9ramos 1, el valor mayor que 1 ser\u00eda 2, por lo que si alguien eligiera 1 unidad, el plugin no lo reconocer\u00eda. As\u00ed, para que esa unidad en el carrito sea reconocida, tendremos que indicar el valor 0 para que el plugin detecte un valor mayor a partir de este rango.<\/p>\t\t\t\t\t\t\t\t<\/div>\n\t\t\t\t<\/div>\n\t\t\t\t<\/div>\n\t\t\t\t\t<\/div>\n\t\t\t\t<\/div>\n\t\t\t\t<\/div>\n\t\t","protected":false},"excerpt":{"rendered":"<p>Gastos de envi\u0301o por nu\u0301mero de unidades Super Shipping para WooCommerce tambie\u0301n te permite configurar reglas de envi\u0301o basadas en el nu\u0301mero total de unidades en el carrito (puede haber varias unidades de cada producto). Por ejemplo, imaginemos una tienda de camisetas donde el peso de todos los modelos de camiseta es insignificante. En este [&hellip;]<\/p>\n","protected":false},"author":2,"featured_media":0,"parent":0,"menu_order":0,"comment_status":"closed","ping_status":"closed","template":"","meta":{"footnotes":""},"class_list":["post-270","page","type-page","status-publish","hentry"],"_links":{"self":[{"href":"https:\/\/docs.supershippingwoo.com\/en\/wp-json\/wp\/v2\/pages\/270","targetHints":{"allow":["GET"]}}],"collection":[{"href":"https:\/\/docs.supershippingwoo.com\/en\/wp-json\/wp\/v2\/pages"}],"about":[{"href":"https:\/\/docs.supershippingwoo.com\/en\/wp-json\/wp\/v2\/types\/page"}],"author":[{"embeddable":true,"href":"https:\/\/docs.supershippingwoo.com\/en\/wp-json\/wp\/v2\/users\/2"}],"replies":[{"embeddable":true,"href":"https:\/\/docs.supershippingwoo.com\/en\/wp-json\/wp\/v2\/comments?post=270"}],"version-history":[{"count":34,"href":"https:\/\/docs.supershippingwoo.com\/en\/wp-json\/wp\/v2\/pages\/270\/revisions"}],"predecessor-version":[{"id":955,"href":"https:\/\/docs.supershippingwoo.com\/en\/wp-json\/wp\/v2\/pages\/270\/revisions\/955"}],"wp:attachment":[{"href":"https:\/\/docs.supershippingwoo.com\/en\/wp-json\/wp\/v2\/media?parent=270"}],"curies":[{"name":"wp","href":"https:\/\/api.w.org\/{rel}","templated":true}]}}