{"id":310,"date":"2023-04-19T19:27:55","date_gmt":"2023-04-19T17:27:55","guid":{"rendered":"https:\/\/docs.supershippingwoo.com\/?page_id=310"},"modified":"2023-04-30T20:13:47","modified_gmt":"2023-04-30T18:13:47","slug":"shipping-extra-fees","status":"publish","type":"page","link":"https:\/\/docs.supershippingwoo.com\/en\/tasas-extra-de-envio\/","title":{"rendered":"Shipping extra fees"},"content":{"rendered":"\t\t<div data-elementor-type=\"wp-page\" data-elementor-id=\"310\" class=\"elementor elementor-310\" data-elementor-post-type=\"page\">\n\t\t\t\t<div class=\"elementor-element elementor-element-ad57986 e-flex e-con-boxed e-con e-parent\" data-id=\"ad57986\" data-element_type=\"container\" data-e-type=\"container\" data-settings=\"{&quot;background_background&quot;:&quot;classic&quot;}\">\n\t\t\t\t\t<div class=\"e-con-inner\">\n\t\t<div class=\"elementor-element elementor-element-759332f e-con-full elementor-hidden-mobile e-flex e-con e-parent\" data-id=\"759332f\" data-element_type=\"container\" data-e-type=\"container\" data-settings=\"{&quot;sticky&quot;:&quot;top&quot;,&quot;sticky_offset&quot;:150,&quot;sticky_parent&quot;:&quot;yes&quot;,&quot;sticky_on&quot;:[&quot;desktop&quot;,&quot;tablet&quot;],&quot;sticky_effects_offset&quot;:0,&quot;sticky_anchor_link_offset&quot;:0}\">\n\t\t\t\t<div class=\"elementor-element elementor-element-86c5261 elementor-widget elementor-widget-template\" data-id=\"86c5261\" data-element_type=\"widget\" data-e-type=\"widget\" data-widget_type=\"template.default\">\n\t\t\t\t<div class=\"elementor-widget-container\">\n\t\t\t\t\t\t\t<div class=\"elementor-template\">\n\t\t\t\t\t<div data-elementor-type=\"container\" data-elementor-id=\"445\" class=\"elementor elementor-445\" data-elementor-post-type=\"elementor_library\">\n\t\t\t\t<div class=\"elementor-element elementor-element-314d697 e-con-full elementor-hidden-mobile e-flex e-con e-parent\" data-id=\"314d697\" data-element_type=\"container\" data-e-type=\"container\" data-settings=\"{&quot;background_background&quot;:&quot;classic&quot;}\">\n\t\t\t\t<div class=\"elementor-element elementor-element-0046a49 elementor-widget elementor-widget-heading\" data-id=\"0046a49\" data-element_type=\"widget\" data-e-type=\"widget\" data-widget_type=\"heading.default\">\n\t\t\t\t<div class=\"elementor-widget-container\">\n\t\t\t\t\t<h3 class=\"elementor-heading-title elementor-size-default\"><a href=\"https:\/\/docs.supershippingwoo.com\/\">\u2699\ufe0f Sumario<\/a><\/h3>\t\t\t\t<\/div>\n\t\t\t\t<\/div>\n\t\t\t\t<div class=\"elementor-element elementor-element-fc6052c elementor-widget-divider--view-line elementor-widget elementor-widget-divider\" data-id=\"fc6052c\" data-element_type=\"widget\" data-e-type=\"widget\" data-widget_type=\"divider.default\">\n\t\t\t\t<div class=\"elementor-widget-container\">\n\t\t\t\t\t\t\t<div class=\"elementor-divider\">\n\t\t\t<span class=\"elementor-divider-separator\">\n\t\t\t\t\t\t<\/span>\n\t\t<\/div>\n\t\t\t\t\t\t<\/div>\n\t\t\t\t<\/div>\n\t\t\t\t<div class=\"elementor-element elementor-element-72e4ed9 elementor-widget elementor-widget-heading\" data-id=\"72e4ed9\" data-element_type=\"widget\" data-e-type=\"widget\" data-widget_type=\"heading.default\">\n\t\t\t\t<div class=\"elementor-widget-container\">\n\t\t\t\t\t<h3 class=\"elementor-heading-title elementor-size-default\">Instalaci\u00f3n<\/h3>\t\t\t\t<\/div>\n\t\t\t\t<\/div>\n\t\t\t\t<div class=\"elementor-element elementor-element-34f56ee elementor-icon-list--layout-traditional elementor-list-item-link-full_width elementor-widget elementor-widget-icon-list\" data-id=\"34f56ee\" data-element_type=\"widget\" data-e-type=\"widget\" data-widget_type=\"icon-list.default\">\n\t\t\t\t<div class=\"elementor-widget-container\">\n\t\t\t\t\t\t\t<ul class=\"elementor-icon-list-items\">\n\t\t\t\t\t\t\t<li class=\"elementor-icon-list-item\">\n\t\t\t\t\t\t\t\t\t\t\t<a href=\"https:\/\/docs.supershippingwoo.com\/instalar-y-activar-super-shipping-para-woocommerce\/\">\n\n\t\t\t\t\t\t\t\t\t\t\t<span class=\"elementor-icon-list-text\">Instalar y activar Super Shipping<\/span>\n\t\t\t\t\t\t\t\t\t\t\t<\/a>\n\t\t\t\t\t\t\t\t\t<\/li>\n\t\t\t\t\t\t\t\t<li class=\"elementor-icon-list-item\">\n\t\t\t\t\t\t\t\t\t\t\t<a href=\"https:\/\/docs.supershippingwoo.com\/actualizar-super-shipping-para-woocommerce\/\">\n\n\t\t\t\t\t\t\t\t\t\t\t<span class=\"elementor-icon-list-text\">Actualizar Super Shipping<\/span>\n\t\t\t\t\t\t\t\t\t\t\t<\/a>\n\t\t\t\t\t\t\t\t\t<\/li>\n\t\t\t\t\t\t\t\t<li class=\"elementor-icon-list-item\">\n\t\t\t\t\t\t\t\t\t\t\t<a href=\"https:\/\/docs.supershippingwoo.com\/actualizar-super-shipping-para-woocommerce-desde-la-version-1-2-7-o-anteriores\/\">\n\n\t\t\t\t\t\t\t\t\t\t\t<span class=\"elementor-icon-list-text\">Actualizar desde la versi\u00f3n 1.2.7<\/span>\n\t\t\t\t\t\t\t\t\t\t\t<\/a>\n\t\t\t\t\t\t\t\t\t<\/li>\n\t\t\t\t\t\t<\/ul>\n\t\t\t\t\t\t<\/div>\n\t\t\t\t<\/div>\n\t\t\t\t<div class=\"elementor-element elementor-element-82c73f8 elementor-widget elementor-widget-heading\" data-id=\"82c73f8\" data-element_type=\"widget\" data-e-type=\"widget\" data-widget_type=\"heading.default\">\n\t\t\t\t<div class=\"elementor-widget-container\">\n\t\t\t\t\t<h3 class=\"elementor-heading-title elementor-size-default\">Configuraci\u00f3n b\u00e1sica<\/h3>\t\t\t\t<\/div>\n\t\t\t\t<\/div>\n\t\t\t\t<div class=\"elementor-element elementor-element-aa656e3 elementor-icon-list--layout-traditional elementor-list-item-link-full_width elementor-widget elementor-widget-icon-list\" data-id=\"aa656e3\" data-element_type=\"widget\" data-e-type=\"widget\" data-widget_type=\"icon-list.default\">\n\t\t\t\t<div class=\"elementor-widget-container\">\n\t\t\t\t\t\t\t<ul class=\"elementor-icon-list-items\">\n\t\t\t\t\t\t\t<li class=\"elementor-icon-list-item\">\n\t\t\t\t\t\t\t\t\t\t\t<a href=\"https:\/\/docs.supershippingwoo.com\/crea-tu-primera-zona-de-envio\/\">\n\n\t\t\t\t\t\t\t\t\t\t\t<span class=\"elementor-icon-list-text\">Crea tu primera zona de envi\u0301o<\/span>\n\t\t\t\t\t\t\t\t\t\t\t<\/a>\n\t\t\t\t\t\t\t\t\t<\/li>\n\t\t\t\t\t\t\t\t<li class=\"elementor-icon-list-item\">\n\t\t\t\t\t\t\t\t\t\t\t<a href=\"https:\/\/docs.supershippingwoo.com\/guia-rapida-para-configurar-tus-primeros-gastos-de-envio\/\">\n\n\t\t\t\t\t\t\t\t\t\t\t<span class=\"elementor-icon-list-text\">Configura tus primeros gastos de envi\u0301o<\/span>\n\t\t\t\t\t\t\t\t\t\t\t<\/a>\n\t\t\t\t\t\t\t\t\t<\/li>\n\t\t\t\t\t\t\t\t<li class=\"elementor-icon-list-item\">\n\t\t\t\t\t\t\t\t\t\t\t<a href=\"https:\/\/docs.supershippingwoo.com\/ajustes-generales-de-super-shipping-para-woocommerce\/\">\n\n\t\t\t\t\t\t\t\t\t\t\t<span class=\"elementor-icon-list-text\">Ajustes Generales de Super Shipping<\/span>\n\t\t\t\t\t\t\t\t\t\t\t<\/a>\n\t\t\t\t\t\t\t\t\t<\/li>\n\t\t\t\t\t\t<\/ul>\n\t\t\t\t\t\t<\/div>\n\t\t\t\t<\/div>\n\t\t\t\t<div class=\"elementor-element elementor-element-b5b2213 elementor-widget elementor-widget-heading\" data-id=\"b5b2213\" data-element_type=\"widget\" data-e-type=\"widget\" data-widget_type=\"heading.default\">\n\t\t\t\t<div class=\"elementor-widget-container\">\n\t\t\t\t\t<h3 class=\"elementor-heading-title elementor-size-default\">Configuraci\u00f3n avanzada<\/h3>\t\t\t\t<\/div>\n\t\t\t\t<\/div>\n\t\t\t\t<div class=\"elementor-element elementor-element-ad42756 elementor-widget elementor-widget-toggle\" data-id=\"ad42756\" data-element_type=\"widget\" data-e-type=\"widget\" data-widget_type=\"toggle.default\">\n\t\t\t\t<div class=\"elementor-widget-container\">\n\t\t\t\t\t\t\t<div class=\"elementor-toggle\">\n\t\t\t\t\t\t\t<div class=\"elementor-toggle-item\">\n\t\t\t\t\t<div id=\"elementor-tab-title-1811\" class=\"elementor-tab-title\" data-tab=\"1\" role=\"button\" aria-controls=\"elementor-tab-content-1811\" aria-expanded=\"false\">\n\t\t\t\t\t\t\t\t\t\t\t\t<span class=\"elementor-toggle-icon elementor-toggle-icon-right\" aria-hidden=\"true\">\n\t\t\t\t\t\t\t\t\t\t\t\t\t\t\t<span class=\"elementor-toggle-icon-closed\"><i class=\"fas fa-angle-right\"><\/i><\/span>\n\t\t\t\t\t\t\t\t<span class=\"elementor-toggle-icon-opened\"><i class=\"elementor-toggle-icon-opened fas fa-angle-down\"><\/i><\/span>\n\t\t\t\t\t\t\t\t\t\t\t\t\t<\/span>\n\t\t\t\t\t\t\t\t\t\t\t\t<a class=\"elementor-toggle-title\" tabindex=\"0\">Zonas de env\u00edo<\/a>\n\t\t\t\t\t<\/div>\n\n\t\t\t\t\t<div id=\"elementor-tab-content-1811\" class=\"elementor-tab-content elementor-clearfix\" data-tab=\"1\" role=\"region\" aria-labelledby=\"elementor-tab-title-1811\"><p><a href=\"https:\/\/docs.supershippingwoo.com\/zonas-de-envio\/\">\u00b7 Crear zonas de env\u00edo<\/a><\/p><\/div>\n\t\t\t\t<\/div>\n\t\t\t\t\t\t\t\t<\/div>\n\t\t\t\t\t\t<\/div>\n\t\t\t\t<\/div>\n\t\t\t\t<div class=\"elementor-element elementor-element-6ea6c4e elementor-widget elementor-widget-toggle\" data-id=\"6ea6c4e\" data-element_type=\"widget\" data-e-type=\"widget\" data-widget_type=\"toggle.default\">\n\t\t\t\t<div class=\"elementor-widget-container\">\n\t\t\t\t\t\t\t<div class=\"elementor-toggle\">\n\t\t\t\t\t\t\t<div class=\"elementor-toggle-item\">\n\t\t\t\t\t<div id=\"elementor-tab-title-1161\" class=\"elementor-tab-title\" data-tab=\"1\" role=\"button\" aria-controls=\"elementor-tab-content-1161\" aria-expanded=\"false\">\n\t\t\t\t\t\t\t\t\t\t\t\t<span class=\"elementor-toggle-icon elementor-toggle-icon-right\" aria-hidden=\"true\">\n\t\t\t\t\t\t\t\t\t\t\t\t\t\t\t<span class=\"elementor-toggle-icon-closed\"><i class=\"fas fa-angle-right\"><\/i><\/span>\n\t\t\t\t\t\t\t\t<span class=\"elementor-toggle-icon-opened\"><i class=\"elementor-toggle-icon-opened fas fa-angle-down\"><\/i><\/span>\n\t\t\t\t\t\t\t\t\t\t\t\t\t<\/span>\n\t\t\t\t\t\t\t\t\t\t\t\t<a class=\"elementor-toggle-title\" tabindex=\"0\">Tipos de c\u00e1lculo de los gastos de env\u00edo<\/a>\n\t\t\t\t\t<\/div>\n\n\t\t\t\t\t<div id=\"elementor-tab-content-1161\" class=\"elementor-tab-content elementor-clearfix\" data-tab=\"1\" role=\"region\" aria-labelledby=\"elementor-tab-title-1161\"><p><a href=\"https:\/\/docs.supershippingwoo.com\/tipo-de-calculo-por-pedido\/\">\u00b7 Tipo de c\u00e1lculo &#8211; Por pedido (el carrito es una \u00fanica cesta)<\/a><br \/><a href=\"https:\/\/docs.supershippingwoo.com\/tipo-de-calculo-por-articulo\/\">\u00b7 Tipo de c\u00e1lculo &#8211; Por l\u00ednea de art\u00edculos (cada producto en el carrito es una cesta)<\/a><br \/><a href=\"https:\/\/docs.supershippingwoo.com\/tipo-de-calculo-por-clases-de-envio\/\">\u00b7 Tipo de ca\u0301lculo &#8211; Por clase de envi\u0301o (cuando se usan las clases de env\u00edo)<\/a><\/p><\/div>\n\t\t\t\t<\/div>\n\t\t\t\t\t\t\t\t<\/div>\n\t\t\t\t\t\t<\/div>\n\t\t\t\t<\/div>\n\t\t\t\t<div class=\"elementor-element elementor-element-150ef9a elementor-widget elementor-widget-toggle\" data-id=\"150ef9a\" data-element_type=\"widget\" data-e-type=\"widget\" data-widget_type=\"toggle.default\">\n\t\t\t\t<div class=\"elementor-widget-container\">\n\t\t\t\t\t\t\t<div class=\"elementor-toggle\">\n\t\t\t\t\t\t\t<div class=\"elementor-toggle-item\">\n\t\t\t\t\t<div id=\"elementor-tab-title-2201\" class=\"elementor-tab-title\" data-tab=\"1\" role=\"button\" aria-controls=\"elementor-tab-content-2201\" aria-expanded=\"false\">\n\t\t\t\t\t\t\t\t\t\t\t\t<span class=\"elementor-toggle-icon elementor-toggle-icon-right\" aria-hidden=\"true\">\n\t\t\t\t\t\t\t\t\t\t\t\t\t\t\t<span class=\"elementor-toggle-icon-closed\"><i class=\"fas fa-angle-right\"><\/i><\/span>\n\t\t\t\t\t\t\t\t<span class=\"elementor-toggle-icon-opened\"><i class=\"elementor-toggle-icon-opened fas fa-angle-down\"><\/i><\/span>\n\t\t\t\t\t\t\t\t\t\t\t\t\t<\/span>\n\t\t\t\t\t\t\t\t\t\t\t\t<a class=\"elementor-toggle-title\" tabindex=\"0\">Tipos de gastos de env\u00edo<\/a>\n\t\t\t\t\t<\/div>\n\n\t\t\t\t\t<div id=\"elementor-tab-content-2201\" class=\"elementor-tab-content elementor-clearfix\" data-tab=\"1\" role=\"region\" aria-labelledby=\"elementor-tab-title-2201\"><p><a href=\"https:\/\/docs.supershippingwoo.com\/gastos-de-envio-por-peso\/\">\u00b7 Gastos de envi\u0301o por peso<\/a><br \/><a href=\"https:\/\/docs.supershippingwoo.com\/gastos-de-envio-por-precio\/\">\u00b7 Gastos de env\u00edo por precio<\/a><br \/><a href=\"https:\/\/docs.supershippingwoo.com\/gastos-de-envio-por-numero-de-productos\/\">\u00b7 Gastos de envi\u0301o por n\u00ba de unidades<\/a><br \/><a href=\"https:\/\/docs.supershippingwoo.com\/gastos-de-envio-por-peso-volumetrico\/\">\u00b7 Gastos de envi\u0301o por peso volume\u0301trico<\/a><br \/><a href=\"https:\/\/docs.supershippingwoo.com\/gastos-de-envio-por-volumen\/\">\u00b7 Gastos de envi\u0301o por volumen<\/a><\/p><\/div>\n\t\t\t\t<\/div>\n\t\t\t\t\t\t\t\t<\/div>\n\t\t\t\t\t\t<\/div>\n\t\t\t\t<\/div>\n\t\t\t\t<div class=\"elementor-element elementor-element-389f4e8 elementor-widget elementor-widget-toggle\" data-id=\"389f4e8\" data-element_type=\"widget\" data-e-type=\"widget\" data-widget_type=\"toggle.default\">\n\t\t\t\t<div class=\"elementor-widget-container\">\n\t\t\t\t\t\t\t<div class=\"elementor-toggle\">\n\t\t\t\t\t\t\t<div class=\"elementor-toggle-item\">\n\t\t\t\t\t<div id=\"elementor-tab-title-5931\" class=\"elementor-tab-title\" data-tab=\"1\" role=\"button\" aria-controls=\"elementor-tab-content-5931\" aria-expanded=\"false\">\n\t\t\t\t\t\t\t\t\t\t\t\t<span class=\"elementor-toggle-icon elementor-toggle-icon-right\" aria-hidden=\"true\">\n\t\t\t\t\t\t\t\t\t\t\t\t\t\t\t<span class=\"elementor-toggle-icon-closed\"><i class=\"fas fa-angle-right\"><\/i><\/span>\n\t\t\t\t\t\t\t\t<span class=\"elementor-toggle-icon-opened\"><i class=\"elementor-toggle-icon-opened fas fa-angle-down\"><\/i><\/span>\n\t\t\t\t\t\t\t\t\t\t\t\t\t<\/span>\n\t\t\t\t\t\t\t\t\t\t\t\t<a class=\"elementor-toggle-title\" tabindex=\"0\">Ajustes avanzados<\/a>\n\t\t\t\t\t<\/div>\n\n\t\t\t\t\t<div id=\"elementor-tab-content-5931\" class=\"elementor-tab-content elementor-clearfix\" data-tab=\"1\" role=\"region\" aria-labelledby=\"elementor-tab-title-5931\"><p><a href=\"https:\/\/docs.supershippingwoo.com\/prioridad-de-clases-de-envio\/\">\u00b7 Prioridad de clases de envi\u0301o<\/a><br \/><a href=\"https:\/\/docs.supershippingwoo.com\/tasas-extra-de-envio\/\">\u00b7 Tasas extra de envi\u0301o<\/a><br \/><a href=\"https:\/\/docs.supershippingwoo.com\/importar-y-exportar-reglas\/\">\u00b7 Importar y Exportar Reglas<\/a><br \/><a href=\"https:\/\/docs.supershippingwoo.com\/traducir-los-metodos-de-envio-con-wpml\/\">\u00b7 Traducir los m\u00e9todos de env\u00edo con WPML<\/a><\/p><\/div>\n\t\t\t\t<\/div>\n\t\t\t\t\t\t\t\t<\/div>\n\t\t\t\t\t\t<\/div>\n\t\t\t\t<\/div>\n\t\t\t\t<div class=\"elementor-element elementor-element-770f94b elementor-widget elementor-widget-toggle\" data-id=\"770f94b\" data-element_type=\"widget\" data-e-type=\"widget\" data-widget_type=\"toggle.default\">\n\t\t\t\t<div class=\"elementor-widget-container\">\n\t\t\t\t\t\t\t<div class=\"elementor-toggle\">\n\t\t\t\t\t\t\t<div class=\"elementor-toggle-item\">\n\t\t\t\t\t<div id=\"elementor-tab-title-1241\" class=\"elementor-tab-title\" data-tab=\"1\" role=\"button\" aria-controls=\"elementor-tab-content-1241\" aria-expanded=\"false\">\n\t\t\t\t\t\t\t\t\t\t\t\t<span class=\"elementor-toggle-icon elementor-toggle-icon-right\" aria-hidden=\"true\">\n\t\t\t\t\t\t\t\t\t\t\t\t\t\t\t<span class=\"elementor-toggle-icon-closed\"><i class=\"fas fa-angle-right\"><\/i><\/span>\n\t\t\t\t\t\t\t\t<span class=\"elementor-toggle-icon-opened\"><i class=\"elementor-toggle-icon-opened fas fa-angle-down\"><\/i><\/span>\n\t\t\t\t\t\t\t\t\t\t\t\t\t<\/span>\n\t\t\t\t\t\t\t\t\t\t\t\t<a class=\"elementor-toggle-title\" tabindex=\"0\">Ejemplos de uso<\/a>\n\t\t\t\t\t<\/div>\n\n\t\t\t\t\t<div id=\"elementor-tab-content-1241\" class=\"elementor-tab-content elementor-clearfix\" data-tab=\"1\" role=\"region\" aria-labelledby=\"elementor-tab-title-1241\"><p><a href=\"https:\/\/docs.supershippingwoo.com\/gastos-de-envio-segun-peso-y-gratis-a-partir-de-100e-de-gasto\/\">\u00b7 Gastos de envi\u0301o segu\u0301n peso y gratis a partir de 100\u20ac<\/a><br \/><a href=\"https:\/\/docs.supershippingwoo.com\/2-agencias-de-envio-con-diferentes-tarifas-para-la-misma-zona\/\">\u00b7 2 Agencias de envi\u0301o para la misma zona<\/a><br \/><a href=\"https:\/\/docs.supershippingwoo.com\/gastos-de-envio-diferentes-segun-el-tipo-de-producto-o-grupo-de-productos\/\">\u00b7 Gastos de envi\u0301o diferentes segu\u0301n el tipo de producto (o grupo de productos)<\/a><br \/><a href=\"https:\/\/docs.supershippingwoo.com\/gastos-de-envio-diferentes-segun-el-proveedor-aplicable-a-dropshipping\/\">\u00b7 Gastos de env\u00edo diferentes seg\u00fan el proveedor (aplicable a Dropshipping)<\/a><br \/><a href=\"https:\/\/docs.supershippingwoo.com\/incrementar-el-gasto-de-envio-por-cada-unidad-anadida-al-carrito\/\">\u00b7 Incrementar el gasto de env\u00edo por cada unidad a\u00f1adida al carrito<\/a><\/p><\/div>\n\t\t\t\t<\/div>\n\t\t\t\t\t\t\t\t<\/div>\n\t\t\t\t\t\t<\/div>\n\t\t\t\t<\/div>\n\t\t\t\t<div class=\"elementor-element elementor-element-dcdbe2f elementor-widget elementor-widget-heading\" data-id=\"dcdbe2f\" data-element_type=\"widget\" data-e-type=\"widget\" data-widget_type=\"heading.default\">\n\t\t\t\t<div class=\"elementor-widget-container\">\n\t\t\t\t\t<h6 class=\"elementor-heading-title elementor-size-default\"><a href=\"https:\/\/docs.supershippingwoo.com\/changelog-historial-de-cambios\/\">Changelog<\/a><\/h6>\t\t\t\t<\/div>\n\t\t\t\t<\/div>\n\t\t\t\t<\/div>\n\t\t\t\t<\/div>\n\t\t\t\t<\/div>\n\t\t\t\t\t\t<\/div>\n\t\t\t\t<\/div>\n\t\t\t\t<\/div>\n\t\t<div class=\"elementor-element elementor-element-a5461c8 e-con-full e-flex e-con e-parent\" data-id=\"a5461c8\" data-element_type=\"container\" data-e-type=\"container\">\n\t\t\t\t<div class=\"elementor-element elementor-element-1aa3dce elementor-widget elementor-widget-heading\" data-id=\"1aa3dce\" data-element_type=\"widget\" data-e-type=\"widget\" data-widget_type=\"heading.default\">\n\t\t\t\t<div class=\"elementor-widget-container\">\n\t\t\t\t\t<h2 class=\"elementor-heading-title elementor-size-default\">Tasas extra de envi\u0301o<\/h2>\t\t\t\t<\/div>\n\t\t\t\t<\/div>\n\t\t\t\t<div class=\"elementor-element elementor-element-6a8981a elementor-widget elementor-widget-text-editor\" data-id=\"6a8981a\" data-element_type=\"widget\" data-e-type=\"widget\" data-widget_type=\"text-editor.default\">\n\t\t\t\t<div class=\"elementor-widget-container\">\n\t\t\t\t\t\t\t\t\t<p dir=\"ltr\"><span dir=\"ltr\">Las tasas extra de envi\u0301o\u00a0<strong>se utilizan para an\u0303adir un cargo extra al gasto de envi\u0301o final<\/strong>\u00a0pero no queremos (o no necesitamos) a\u00f1adirlo en la configuraci\u00f3n de las reglas y los rangos de precios).<\/span><\/p><div><p>Por ejemplo, hay ocasiones en las que el envi\u0301o a una determinada zona requiere unas tasas fijas por aduanas (aparte del gasto de envi\u0301o del paquete). Es precisamente en estos casos cuando tiene sentido utilizar la tabla de tasas extra.<\/p><p><span dir=\"ltr\">En estos casos el gasto de envi\u0301o final seri\u0301a: Coste total del envi\u0301o + Tasa de aduanas.<\/span><\/p><p><strong><span dir=\"ltr\"><u>\u00bfCo\u0301mo an\u0303adir una tasa extra?<\/u><\/span><\/strong><\/p><p><span dir=\"ltr\">Para an\u0303adir una tasa extra solo tienes que hacer clic en el boto\u0301n \u201cAn\u0303adir Nueva Tasa\u201d y completar los siguientes campos:<\/span><\/p><ul><li><span dir=\"ltr\"><strong dir=\"ltr\">Etiqueta de la Tasa<\/strong>. Se utiliza para asignar un nombre representativo a la tasa y te resulte ma\u0301s fa\u0301cil identificarla de entre todo el listado de tasas.<\/span><\/li><li><strong dir=\"ltr\">Tasa<\/strong>. Es el campo en el que debes an\u0303adir el coste de la tasa correspondiente. (Antes de hacerlo, ten en cuenta la configuracio\u0301n de impuestos de tu tienda para saber si tienes que introducir el valor de la tasa con o sin impuestos incluidos).<\/li><\/ul><p><img fetchpriority=\"high\" decoding=\"async\" class=\"alignnone size-full wp-image-309\" src=\"https:\/\/docs.supershippingwoo.com\/wp-content\/uploads\/2023\/04\/tasas-extra.png\" alt=\"\" width=\"1315\" height=\"251\" srcset=\"https:\/\/docs.supershippingwoo.com\/wp-content\/uploads\/2023\/04\/tasas-extra.png 1315w, https:\/\/docs.supershippingwoo.com\/wp-content\/uploads\/2023\/04\/tasas-extra-768x147.png 768w\" sizes=\"(max-width: 1315px) 100vw, 1315px\" \/><\/p><p><span dir=\"ltr\"><strong>NOTA:<\/strong> El t\u00edtulo o etiqueta de la tasa <strong>NO APARECER\u00c1<\/strong> en el carrito, es s\u00f3lo un nombre a t\u00edtulo interno. Es decir, que el precio se sumar\u00e1 y aparecer\u00e1 ya incluido en el coste de env\u00edo. Como consejo, puedes indicar, si lo deseas, que se a\u00f1adir\u00e1 al coste de env\u00edo una tasa que encarecer\u00e1 el mismo. Esto lo puedes hacer en tu p\u00e1gina de condiciones de env\u00edo o de un producto en concreto.<\/span><\/p><\/div>\t\t\t\t\t\t\t\t<\/div>\n\t\t\t\t<\/div>\n\t\t\t\t<\/div>\n\t\t\t\t\t<\/div>\n\t\t\t\t<\/div>\n\t\t\t\t<\/div>\n\t\t","protected":false},"excerpt":{"rendered":"<p>Tasas extra de envi\u0301o Las tasas extra de envi\u0301o\u00a0se utilizan para an\u0303adir un cargo extra al gasto de envi\u0301o final\u00a0pero no queremos (o no necesitamos) a\u00f1adirlo en la configuraci\u00f3n de las reglas y los rangos de precios). Por ejemplo, hay ocasiones en las que el envi\u0301o a una determinada zona requiere unas tasas fijas por [&hellip;]<\/p>\n","protected":false},"author":2,"featured_media":0,"parent":0,"menu_order":0,"comment_status":"closed","ping_status":"closed","template":"","meta":{"footnotes":""},"class_list":["post-310","page","type-page","status-publish","hentry"],"_links":{"self":[{"href":"https:\/\/docs.supershippingwoo.com\/en\/wp-json\/wp\/v2\/pages\/310","targetHints":{"allow":["GET"]}}],"collection":[{"href":"https:\/\/docs.supershippingwoo.com\/en\/wp-json\/wp\/v2\/pages"}],"about":[{"href":"https:\/\/docs.supershippingwoo.com\/en\/wp-json\/wp\/v2\/types\/page"}],"author":[{"embeddable":true,"href":"https:\/\/docs.supershippingwoo.com\/en\/wp-json\/wp\/v2\/users\/2"}],"replies":[{"embeddable":true,"href":"https:\/\/docs.supershippingwoo.com\/en\/wp-json\/wp\/v2\/comments?post=310"}],"version-history":[{"count":14,"href":"https:\/\/docs.supershippingwoo.com\/en\/wp-json\/wp\/v2\/pages\/310\/revisions"}],"predecessor-version":[{"id":922,"href":"https:\/\/docs.supershippingwoo.com\/en\/wp-json\/wp\/v2\/pages\/310\/revisions\/922"}],"wp:attachment":[{"href":"https:\/\/docs.supershippingwoo.com\/en\/wp-json\/wp\/v2\/media?parent=310"}],"curies":[{"name":"wp","href":"https:\/\/api.w.org\/{rel}","templated":true}]}}