{"id":334,"date":"2023-04-20T13:57:32","date_gmt":"2023-04-20T11:57:32","guid":{"rendered":"https:\/\/docs.supershippingwoo.com\/?page_id=334"},"modified":"2023-06-15T20:47:33","modified_gmt":"2023-06-15T18:47:33","slug":"2-shipping-agencies-for-the-same-zone","status":"publish","type":"page","link":"https:\/\/docs.supershippingwoo.com\/en\/2-agencias-de-envio-con-diferentes-tarifas-para-la-misma-zona\/","title":{"rendered":"2 shipping agencies for the same zone"},"content":{"rendered":"\t\t<div data-elementor-type=\"wp-page\" data-elementor-id=\"334\" class=\"elementor elementor-334\" data-elementor-post-type=\"page\">\n\t\t\t\t<div class=\"elementor-element elementor-element-2664215 e-flex e-con-boxed e-con e-parent\" data-id=\"2664215\" data-element_type=\"container\" data-e-type=\"container\" data-settings=\"{&quot;background_background&quot;:&quot;classic&quot;}\">\n\t\t\t\t\t<div class=\"e-con-inner\">\n\t\t<div class=\"elementor-element elementor-element-10ec5b0 e-con-full elementor-hidden-mobile e-flex e-con e-parent\" data-id=\"10ec5b0\" data-element_type=\"container\" data-e-type=\"container\" data-settings=\"{&quot;sticky&quot;:&quot;top&quot;,&quot;sticky_offset&quot;:150,&quot;sticky_parent&quot;:&quot;yes&quot;,&quot;sticky_on&quot;:[&quot;desktop&quot;,&quot;tablet&quot;],&quot;sticky_effects_offset&quot;:0,&quot;sticky_anchor_link_offset&quot;:0}\">\n\t\t\t\t<div class=\"elementor-element elementor-element-1cb2ff0 elementor-widget elementor-widget-template\" data-id=\"1cb2ff0\" data-element_type=\"widget\" data-e-type=\"widget\" data-widget_type=\"template.default\">\n\t\t\t\t<div class=\"elementor-widget-container\">\n\t\t\t\t\t\t\t<div class=\"elementor-template\">\n\t\t\t\t\t<div data-elementor-type=\"container\" data-elementor-id=\"445\" class=\"elementor elementor-445\" data-elementor-post-type=\"elementor_library\">\n\t\t\t\t<div class=\"elementor-element elementor-element-314d697 e-con-full elementor-hidden-mobile e-flex e-con e-parent\" data-id=\"314d697\" data-element_type=\"container\" data-e-type=\"container\" data-settings=\"{&quot;background_background&quot;:&quot;classic&quot;}\">\n\t\t\t\t<div class=\"elementor-element elementor-element-0046a49 elementor-widget elementor-widget-heading\" data-id=\"0046a49\" data-element_type=\"widget\" data-e-type=\"widget\" data-widget_type=\"heading.default\">\n\t\t\t\t<div class=\"elementor-widget-container\">\n\t\t\t\t\t<h3 class=\"elementor-heading-title elementor-size-default\"><a href=\"https:\/\/docs.supershippingwoo.com\/\">\u2699\ufe0f Sumario<\/a><\/h3>\t\t\t\t<\/div>\n\t\t\t\t<\/div>\n\t\t\t\t<div class=\"elementor-element elementor-element-fc6052c elementor-widget-divider--view-line elementor-widget elementor-widget-divider\" data-id=\"fc6052c\" data-element_type=\"widget\" data-e-type=\"widget\" data-widget_type=\"divider.default\">\n\t\t\t\t<div class=\"elementor-widget-container\">\n\t\t\t\t\t\t\t<div class=\"elementor-divider\">\n\t\t\t<span class=\"elementor-divider-separator\">\n\t\t\t\t\t\t<\/span>\n\t\t<\/div>\n\t\t\t\t\t\t<\/div>\n\t\t\t\t<\/div>\n\t\t\t\t<div class=\"elementor-element elementor-element-72e4ed9 elementor-widget elementor-widget-heading\" data-id=\"72e4ed9\" data-element_type=\"widget\" data-e-type=\"widget\" data-widget_type=\"heading.default\">\n\t\t\t\t<div class=\"elementor-widget-container\">\n\t\t\t\t\t<h3 class=\"elementor-heading-title elementor-size-default\">Instalaci\u00f3n<\/h3>\t\t\t\t<\/div>\n\t\t\t\t<\/div>\n\t\t\t\t<div class=\"elementor-element elementor-element-34f56ee elementor-icon-list--layout-traditional elementor-list-item-link-full_width elementor-widget elementor-widget-icon-list\" data-id=\"34f56ee\" data-element_type=\"widget\" data-e-type=\"widget\" data-widget_type=\"icon-list.default\">\n\t\t\t\t<div class=\"elementor-widget-container\">\n\t\t\t\t\t\t\t<ul class=\"elementor-icon-list-items\">\n\t\t\t\t\t\t\t<li class=\"elementor-icon-list-item\">\n\t\t\t\t\t\t\t\t\t\t\t<a href=\"https:\/\/docs.supershippingwoo.com\/instalar-y-activar-super-shipping-para-woocommerce\/\">\n\n\t\t\t\t\t\t\t\t\t\t\t<span class=\"elementor-icon-list-text\">Instalar y activar Super Shipping<\/span>\n\t\t\t\t\t\t\t\t\t\t\t<\/a>\n\t\t\t\t\t\t\t\t\t<\/li>\n\t\t\t\t\t\t\t\t<li class=\"elementor-icon-list-item\">\n\t\t\t\t\t\t\t\t\t\t\t<a href=\"https:\/\/docs.supershippingwoo.com\/actualizar-super-shipping-para-woocommerce\/\">\n\n\t\t\t\t\t\t\t\t\t\t\t<span class=\"elementor-icon-list-text\">Actualizar Super Shipping<\/span>\n\t\t\t\t\t\t\t\t\t\t\t<\/a>\n\t\t\t\t\t\t\t\t\t<\/li>\n\t\t\t\t\t\t\t\t<li class=\"elementor-icon-list-item\">\n\t\t\t\t\t\t\t\t\t\t\t<a href=\"https:\/\/docs.supershippingwoo.com\/actualizar-super-shipping-para-woocommerce-desde-la-version-1-2-7-o-anteriores\/\">\n\n\t\t\t\t\t\t\t\t\t\t\t<span class=\"elementor-icon-list-text\">Actualizar desde la versi\u00f3n 1.2.7<\/span>\n\t\t\t\t\t\t\t\t\t\t\t<\/a>\n\t\t\t\t\t\t\t\t\t<\/li>\n\t\t\t\t\t\t<\/ul>\n\t\t\t\t\t\t<\/div>\n\t\t\t\t<\/div>\n\t\t\t\t<div class=\"elementor-element elementor-element-82c73f8 elementor-widget elementor-widget-heading\" data-id=\"82c73f8\" data-element_type=\"widget\" data-e-type=\"widget\" data-widget_type=\"heading.default\">\n\t\t\t\t<div class=\"elementor-widget-container\">\n\t\t\t\t\t<h3 class=\"elementor-heading-title elementor-size-default\">Configuraci\u00f3n b\u00e1sica<\/h3>\t\t\t\t<\/div>\n\t\t\t\t<\/div>\n\t\t\t\t<div class=\"elementor-element elementor-element-aa656e3 elementor-icon-list--layout-traditional elementor-list-item-link-full_width elementor-widget elementor-widget-icon-list\" data-id=\"aa656e3\" data-element_type=\"widget\" data-e-type=\"widget\" data-widget_type=\"icon-list.default\">\n\t\t\t\t<div class=\"elementor-widget-container\">\n\t\t\t\t\t\t\t<ul class=\"elementor-icon-list-items\">\n\t\t\t\t\t\t\t<li class=\"elementor-icon-list-item\">\n\t\t\t\t\t\t\t\t\t\t\t<a href=\"https:\/\/docs.supershippingwoo.com\/crea-tu-primera-zona-de-envio\/\">\n\n\t\t\t\t\t\t\t\t\t\t\t<span class=\"elementor-icon-list-text\">Crea tu primera zona de envi\u0301o<\/span>\n\t\t\t\t\t\t\t\t\t\t\t<\/a>\n\t\t\t\t\t\t\t\t\t<\/li>\n\t\t\t\t\t\t\t\t<li class=\"elementor-icon-list-item\">\n\t\t\t\t\t\t\t\t\t\t\t<a href=\"https:\/\/docs.supershippingwoo.com\/guia-rapida-para-configurar-tus-primeros-gastos-de-envio\/\">\n\n\t\t\t\t\t\t\t\t\t\t\t<span class=\"elementor-icon-list-text\">Configura tus primeros gastos de envi\u0301o<\/span>\n\t\t\t\t\t\t\t\t\t\t\t<\/a>\n\t\t\t\t\t\t\t\t\t<\/li>\n\t\t\t\t\t\t\t\t<li class=\"elementor-icon-list-item\">\n\t\t\t\t\t\t\t\t\t\t\t<a href=\"https:\/\/docs.supershippingwoo.com\/ajustes-generales-de-super-shipping-para-woocommerce\/\">\n\n\t\t\t\t\t\t\t\t\t\t\t<span class=\"elementor-icon-list-text\">Ajustes Generales de Super Shipping<\/span>\n\t\t\t\t\t\t\t\t\t\t\t<\/a>\n\t\t\t\t\t\t\t\t\t<\/li>\n\t\t\t\t\t\t<\/ul>\n\t\t\t\t\t\t<\/div>\n\t\t\t\t<\/div>\n\t\t\t\t<div class=\"elementor-element elementor-element-b5b2213 elementor-widget elementor-widget-heading\" data-id=\"b5b2213\" data-element_type=\"widget\" data-e-type=\"widget\" data-widget_type=\"heading.default\">\n\t\t\t\t<div class=\"elementor-widget-container\">\n\t\t\t\t\t<h3 class=\"elementor-heading-title elementor-size-default\">Configuraci\u00f3n avanzada<\/h3>\t\t\t\t<\/div>\n\t\t\t\t<\/div>\n\t\t\t\t<div class=\"elementor-element elementor-element-ad42756 elementor-widget elementor-widget-toggle\" data-id=\"ad42756\" data-element_type=\"widget\" data-e-type=\"widget\" data-widget_type=\"toggle.default\">\n\t\t\t\t<div class=\"elementor-widget-container\">\n\t\t\t\t\t\t\t<div class=\"elementor-toggle\">\n\t\t\t\t\t\t\t<div class=\"elementor-toggle-item\">\n\t\t\t\t\t<div id=\"elementor-tab-title-1811\" class=\"elementor-tab-title\" data-tab=\"1\" role=\"button\" aria-controls=\"elementor-tab-content-1811\" aria-expanded=\"false\">\n\t\t\t\t\t\t\t\t\t\t\t\t<span class=\"elementor-toggle-icon elementor-toggle-icon-right\" aria-hidden=\"true\">\n\t\t\t\t\t\t\t\t\t\t\t\t\t\t\t<span class=\"elementor-toggle-icon-closed\"><i class=\"fas fa-angle-right\"><\/i><\/span>\n\t\t\t\t\t\t\t\t<span class=\"elementor-toggle-icon-opened\"><i class=\"elementor-toggle-icon-opened fas fa-angle-down\"><\/i><\/span>\n\t\t\t\t\t\t\t\t\t\t\t\t\t<\/span>\n\t\t\t\t\t\t\t\t\t\t\t\t<a class=\"elementor-toggle-title\" tabindex=\"0\">Zonas de env\u00edo<\/a>\n\t\t\t\t\t<\/div>\n\n\t\t\t\t\t<div id=\"elementor-tab-content-1811\" class=\"elementor-tab-content elementor-clearfix\" data-tab=\"1\" role=\"region\" aria-labelledby=\"elementor-tab-title-1811\"><p><a href=\"https:\/\/docs.supershippingwoo.com\/zonas-de-envio\/\">\u00b7 Crear zonas de env\u00edo<\/a><\/p><\/div>\n\t\t\t\t<\/div>\n\t\t\t\t\t\t\t\t<\/div>\n\t\t\t\t\t\t<\/div>\n\t\t\t\t<\/div>\n\t\t\t\t<div class=\"elementor-element elementor-element-6ea6c4e elementor-widget elementor-widget-toggle\" data-id=\"6ea6c4e\" data-element_type=\"widget\" data-e-type=\"widget\" data-widget_type=\"toggle.default\">\n\t\t\t\t<div class=\"elementor-widget-container\">\n\t\t\t\t\t\t\t<div class=\"elementor-toggle\">\n\t\t\t\t\t\t\t<div class=\"elementor-toggle-item\">\n\t\t\t\t\t<div id=\"elementor-tab-title-1161\" class=\"elementor-tab-title\" data-tab=\"1\" role=\"button\" aria-controls=\"elementor-tab-content-1161\" aria-expanded=\"false\">\n\t\t\t\t\t\t\t\t\t\t\t\t<span class=\"elementor-toggle-icon elementor-toggle-icon-right\" aria-hidden=\"true\">\n\t\t\t\t\t\t\t\t\t\t\t\t\t\t\t<span class=\"elementor-toggle-icon-closed\"><i class=\"fas fa-angle-right\"><\/i><\/span>\n\t\t\t\t\t\t\t\t<span class=\"elementor-toggle-icon-opened\"><i class=\"elementor-toggle-icon-opened fas fa-angle-down\"><\/i><\/span>\n\t\t\t\t\t\t\t\t\t\t\t\t\t<\/span>\n\t\t\t\t\t\t\t\t\t\t\t\t<a class=\"elementor-toggle-title\" tabindex=\"0\">Tipos de c\u00e1lculo de los gastos de env\u00edo<\/a>\n\t\t\t\t\t<\/div>\n\n\t\t\t\t\t<div id=\"elementor-tab-content-1161\" class=\"elementor-tab-content elementor-clearfix\" data-tab=\"1\" role=\"region\" aria-labelledby=\"elementor-tab-title-1161\"><p><a href=\"https:\/\/docs.supershippingwoo.com\/tipo-de-calculo-por-pedido\/\">\u00b7 Tipo de c\u00e1lculo &#8211; Por pedido (el carrito es una \u00fanica cesta)<\/a><br \/><a href=\"https:\/\/docs.supershippingwoo.com\/tipo-de-calculo-por-articulo\/\">\u00b7 Tipo de c\u00e1lculo &#8211; Por l\u00ednea de art\u00edculos (cada producto en el carrito es una cesta)<\/a><br \/><a href=\"https:\/\/docs.supershippingwoo.com\/tipo-de-calculo-por-clases-de-envio\/\">\u00b7 Tipo de ca\u0301lculo &#8211; Por clase de envi\u0301o (cuando se usan las clases de env\u00edo)<\/a><\/p><\/div>\n\t\t\t\t<\/div>\n\t\t\t\t\t\t\t\t<\/div>\n\t\t\t\t\t\t<\/div>\n\t\t\t\t<\/div>\n\t\t\t\t<div class=\"elementor-element elementor-element-150ef9a elementor-widget elementor-widget-toggle\" data-id=\"150ef9a\" data-element_type=\"widget\" data-e-type=\"widget\" data-widget_type=\"toggle.default\">\n\t\t\t\t<div class=\"elementor-widget-container\">\n\t\t\t\t\t\t\t<div class=\"elementor-toggle\">\n\t\t\t\t\t\t\t<div class=\"elementor-toggle-item\">\n\t\t\t\t\t<div id=\"elementor-tab-title-2201\" class=\"elementor-tab-title\" data-tab=\"1\" role=\"button\" aria-controls=\"elementor-tab-content-2201\" aria-expanded=\"false\">\n\t\t\t\t\t\t\t\t\t\t\t\t<span class=\"elementor-toggle-icon elementor-toggle-icon-right\" aria-hidden=\"true\">\n\t\t\t\t\t\t\t\t\t\t\t\t\t\t\t<span class=\"elementor-toggle-icon-closed\"><i class=\"fas fa-angle-right\"><\/i><\/span>\n\t\t\t\t\t\t\t\t<span class=\"elementor-toggle-icon-opened\"><i class=\"elementor-toggle-icon-opened fas fa-angle-down\"><\/i><\/span>\n\t\t\t\t\t\t\t\t\t\t\t\t\t<\/span>\n\t\t\t\t\t\t\t\t\t\t\t\t<a class=\"elementor-toggle-title\" tabindex=\"0\">Tipos de gastos de env\u00edo<\/a>\n\t\t\t\t\t<\/div>\n\n\t\t\t\t\t<div id=\"elementor-tab-content-2201\" class=\"elementor-tab-content elementor-clearfix\" data-tab=\"1\" role=\"region\" aria-labelledby=\"elementor-tab-title-2201\"><p><a href=\"https:\/\/docs.supershippingwoo.com\/gastos-de-envio-por-peso\/\">\u00b7 Gastos de envi\u0301o por peso<\/a><br \/><a href=\"https:\/\/docs.supershippingwoo.com\/gastos-de-envio-por-precio\/\">\u00b7 Gastos de env\u00edo por precio<\/a><br \/><a href=\"https:\/\/docs.supershippingwoo.com\/gastos-de-envio-por-numero-de-productos\/\">\u00b7 Gastos de envi\u0301o por n\u00ba de unidades<\/a><br \/><a href=\"https:\/\/docs.supershippingwoo.com\/gastos-de-envio-por-peso-volumetrico\/\">\u00b7 Gastos de envi\u0301o por peso volume\u0301trico<\/a><br \/><a href=\"https:\/\/docs.supershippingwoo.com\/gastos-de-envio-por-volumen\/\">\u00b7 Gastos de envi\u0301o por volumen<\/a><\/p><\/div>\n\t\t\t\t<\/div>\n\t\t\t\t\t\t\t\t<\/div>\n\t\t\t\t\t\t<\/div>\n\t\t\t\t<\/div>\n\t\t\t\t<div class=\"elementor-element elementor-element-389f4e8 elementor-widget elementor-widget-toggle\" data-id=\"389f4e8\" data-element_type=\"widget\" data-e-type=\"widget\" data-widget_type=\"toggle.default\">\n\t\t\t\t<div class=\"elementor-widget-container\">\n\t\t\t\t\t\t\t<div class=\"elementor-toggle\">\n\t\t\t\t\t\t\t<div class=\"elementor-toggle-item\">\n\t\t\t\t\t<div id=\"elementor-tab-title-5931\" class=\"elementor-tab-title\" data-tab=\"1\" role=\"button\" aria-controls=\"elementor-tab-content-5931\" aria-expanded=\"false\">\n\t\t\t\t\t\t\t\t\t\t\t\t<span class=\"elementor-toggle-icon elementor-toggle-icon-right\" aria-hidden=\"true\">\n\t\t\t\t\t\t\t\t\t\t\t\t\t\t\t<span class=\"elementor-toggle-icon-closed\"><i class=\"fas fa-angle-right\"><\/i><\/span>\n\t\t\t\t\t\t\t\t<span class=\"elementor-toggle-icon-opened\"><i class=\"elementor-toggle-icon-opened fas fa-angle-down\"><\/i><\/span>\n\t\t\t\t\t\t\t\t\t\t\t\t\t<\/span>\n\t\t\t\t\t\t\t\t\t\t\t\t<a class=\"elementor-toggle-title\" tabindex=\"0\">Ajustes avanzados<\/a>\n\t\t\t\t\t<\/div>\n\n\t\t\t\t\t<div id=\"elementor-tab-content-5931\" class=\"elementor-tab-content elementor-clearfix\" data-tab=\"1\" role=\"region\" aria-labelledby=\"elementor-tab-title-5931\"><p><a href=\"https:\/\/docs.supershippingwoo.com\/prioridad-de-clases-de-envio\/\">\u00b7 Prioridad de clases de envi\u0301o<\/a><br \/><a href=\"https:\/\/docs.supershippingwoo.com\/tasas-extra-de-envio\/\">\u00b7 Tasas extra de envi\u0301o<\/a><br \/><a href=\"https:\/\/docs.supershippingwoo.com\/importar-y-exportar-reglas\/\">\u00b7 Importar y Exportar Reglas<\/a><br \/><a href=\"https:\/\/docs.supershippingwoo.com\/traducir-los-metodos-de-envio-con-wpml\/\">\u00b7 Traducir los m\u00e9todos de env\u00edo con WPML<\/a><\/p><\/div>\n\t\t\t\t<\/div>\n\t\t\t\t\t\t\t\t<\/div>\n\t\t\t\t\t\t<\/div>\n\t\t\t\t<\/div>\n\t\t\t\t<div class=\"elementor-element elementor-element-770f94b elementor-widget elementor-widget-toggle\" data-id=\"770f94b\" data-element_type=\"widget\" data-e-type=\"widget\" data-widget_type=\"toggle.default\">\n\t\t\t\t<div class=\"elementor-widget-container\">\n\t\t\t\t\t\t\t<div class=\"elementor-toggle\">\n\t\t\t\t\t\t\t<div class=\"elementor-toggle-item\">\n\t\t\t\t\t<div id=\"elementor-tab-title-1241\" class=\"elementor-tab-title\" data-tab=\"1\" role=\"button\" aria-controls=\"elementor-tab-content-1241\" aria-expanded=\"false\">\n\t\t\t\t\t\t\t\t\t\t\t\t<span class=\"elementor-toggle-icon elementor-toggle-icon-right\" aria-hidden=\"true\">\n\t\t\t\t\t\t\t\t\t\t\t\t\t\t\t<span class=\"elementor-toggle-icon-closed\"><i class=\"fas fa-angle-right\"><\/i><\/span>\n\t\t\t\t\t\t\t\t<span class=\"elementor-toggle-icon-opened\"><i class=\"elementor-toggle-icon-opened fas fa-angle-down\"><\/i><\/span>\n\t\t\t\t\t\t\t\t\t\t\t\t\t<\/span>\n\t\t\t\t\t\t\t\t\t\t\t\t<a class=\"elementor-toggle-title\" tabindex=\"0\">Ejemplos de uso<\/a>\n\t\t\t\t\t<\/div>\n\n\t\t\t\t\t<div id=\"elementor-tab-content-1241\" class=\"elementor-tab-content elementor-clearfix\" data-tab=\"1\" role=\"region\" aria-labelledby=\"elementor-tab-title-1241\"><p><a href=\"https:\/\/docs.supershippingwoo.com\/gastos-de-envio-segun-peso-y-gratis-a-partir-de-100e-de-gasto\/\">\u00b7 Gastos de envi\u0301o segu\u0301n peso y gratis a partir de 100\u20ac<\/a><br \/><a href=\"https:\/\/docs.supershippingwoo.com\/2-agencias-de-envio-con-diferentes-tarifas-para-la-misma-zona\/\">\u00b7 2 Agencias de envi\u0301o para la misma zona<\/a><br \/><a href=\"https:\/\/docs.supershippingwoo.com\/gastos-de-envio-diferentes-segun-el-tipo-de-producto-o-grupo-de-productos\/\">\u00b7 Gastos de envi\u0301o diferentes segu\u0301n el tipo de producto (o grupo de productos)<\/a><br \/><a href=\"https:\/\/docs.supershippingwoo.com\/gastos-de-envio-diferentes-segun-el-proveedor-aplicable-a-dropshipping\/\">\u00b7 Gastos de env\u00edo diferentes seg\u00fan el proveedor (aplicable a Dropshipping)<\/a><br \/><a href=\"https:\/\/docs.supershippingwoo.com\/incrementar-el-gasto-de-envio-por-cada-unidad-anadida-al-carrito\/\">\u00b7 Incrementar el gasto de env\u00edo por cada unidad a\u00f1adida al carrito<\/a><\/p><\/div>\n\t\t\t\t<\/div>\n\t\t\t\t\t\t\t\t<\/div>\n\t\t\t\t\t\t<\/div>\n\t\t\t\t<\/div>\n\t\t\t\t<div class=\"elementor-element elementor-element-dcdbe2f elementor-widget elementor-widget-heading\" data-id=\"dcdbe2f\" data-element_type=\"widget\" data-e-type=\"widget\" data-widget_type=\"heading.default\">\n\t\t\t\t<div class=\"elementor-widget-container\">\n\t\t\t\t\t<h6 class=\"elementor-heading-title elementor-size-default\"><a href=\"https:\/\/docs.supershippingwoo.com\/changelog-historial-de-cambios\/\">Changelog<\/a><\/h6>\t\t\t\t<\/div>\n\t\t\t\t<\/div>\n\t\t\t\t<\/div>\n\t\t\t\t<\/div>\n\t\t\t\t<\/div>\n\t\t\t\t\t\t<\/div>\n\t\t\t\t<\/div>\n\t\t\t\t<\/div>\n\t\t<div class=\"elementor-element elementor-element-d5cb6a5 e-con-full e-flex e-con e-parent\" data-id=\"d5cb6a5\" data-element_type=\"container\" data-e-type=\"container\">\n\t\t\t\t<div class=\"elementor-element elementor-element-0c5909e elementor-widget elementor-widget-heading\" data-id=\"0c5909e\" data-element_type=\"widget\" data-e-type=\"widget\" data-widget_type=\"heading.default\">\n\t\t\t\t<div class=\"elementor-widget-container\">\n\t\t\t\t\t<h2 class=\"elementor-heading-title elementor-size-default\">2 Agencias de envi\u0301o con diferentes tarifas para la misma zona<\/h2>\t\t\t\t<\/div>\n\t\t\t\t<\/div>\n\t\t\t\t<div class=\"elementor-element elementor-element-a3aa80f elementor-widget elementor-widget-text-editor\" data-id=\"a3aa80f\" data-element_type=\"widget\" data-e-type=\"widget\" data-widget_type=\"text-editor.default\">\n\t\t\t\t<div class=\"elementor-widget-container\">\n\t\t\t\t\t\t\t\t\t<p dir=\"ltr\"><span dir=\"ltr\">Super Shipping para WooCommerce te permite configurar un nu\u0301mero ilimitado de agencias de envi\u0301o para la misma zona. Esto puede resultar u\u0301til en muchos casos cuando quieres ofrecer a tus clientes diferentes opciones de envi\u0301o en funcio\u0301n del tiempo de entrega que quieran elegir.<\/span><\/p><p><span dir=\"ltr\">En este caso vamos a ver una configuracio\u0301n de ejemplo con 2 agencias de mensajeri\u0301a.<\/span><\/p><p>Una agencia seri\u0301a \u00abCorreos\u00bb (es el servicio postal de Espa\u00f1a) con una tarifa mucho ma\u0301s barata, pero con tiempos de entrega ma\u0301s altos (entre 5 y 7 di\u0301as h\u00e1biles) y otra seri\u0301a \u00abMRW 24H\u00bb con una tarifa ma\u0301s cara, pero con entrega urgente en 24h ma\u0301ximo.\u00a0<\/p><p><span dir=\"ltr\">Como lo que queremos es que estas 2 opciones de envi\u0301o se muestren para cualquier pedido, lo primero que hay que hacer es definir una zona de envi\u0301o comu\u0301n a ambas, por ejemplo \u00abPen\u00ednsula\u00bb (Espa\u00f1a peninsular).<\/span><\/p><p>Una vez definida la zona de envi\u0301o, solo queda configurar los 2 m\u00e9todos, uno para \u00abCorreos\u00bb y otro para \u00abMRW 24H\u00bb. As\u00ed quedar\u00eda:<\/p><p><img fetchpriority=\"high\" decoding=\"async\" class=\"alignnone size-full wp-image-336\" src=\"https:\/\/docs.supershippingwoo.com\/wp-content\/uploads\/2023\/04\/imagen-1-7.png\" alt=\"\" width=\"924\" height=\"552\" srcset=\"https:\/\/docs.supershippingwoo.com\/wp-content\/uploads\/2023\/04\/imagen-1-7.png 924w, https:\/\/docs.supershippingwoo.com\/wp-content\/uploads\/2023\/04\/imagen-1-7-768x459.png 768w\" sizes=\"(max-width: 924px) 100vw, 924px\" \/><\/p><p><strong>M\u00c9TODO DE ENVI\u0301O: Correos<\/strong><\/p><p><img decoding=\"async\" class=\"alignnone size-full wp-image-337\" src=\"https:\/\/docs.supershippingwoo.com\/wp-content\/uploads\/2023\/04\/imagen-2-9.png\" alt=\"\" width=\"1287\" height=\"897\" srcset=\"https:\/\/docs.supershippingwoo.com\/wp-content\/uploads\/2023\/04\/imagen-2-9.png 1287w, https:\/\/docs.supershippingwoo.com\/wp-content\/uploads\/2023\/04\/imagen-2-9-768x535.png 768w\" sizes=\"(max-width: 1287px) 100vw, 1287px\" \/><\/p><p dir=\"ltr\"><strong>M\u00c9TODO DE ENV\u00cdO: MRW 24H<\/strong><\/p><p dir=\"ltr\"><img decoding=\"async\" class=\"alignnone size-full wp-image-338\" src=\"https:\/\/docs.supershippingwoo.com\/wp-content\/uploads\/2023\/04\/imagen-3-2.png\" alt=\"\" width=\"1284\" height=\"860\" srcset=\"https:\/\/docs.supershippingwoo.com\/wp-content\/uploads\/2023\/04\/imagen-3-2.png 1284w, https:\/\/docs.supershippingwoo.com\/wp-content\/uploads\/2023\/04\/imagen-3-2-768x514.png 768w\" sizes=\"(max-width: 1284px) 100vw, 1284px\" \/><\/p><p dir=\"ltr\">De esta forma, cuando un cliente haga un pedido, se le mostrara\u0301, tanto en la pa\u0301gina del Carrito como en la de Pago, ambas opciones de envi\u0301o para que e\u0301l pueda elegir la que ma\u0301s le convenga.<\/p><p dir=\"ltr\"><img loading=\"lazy\" decoding=\"async\" class=\"alignnone size-full wp-image-339\" src=\"https:\/\/docs.supershippingwoo.com\/wp-content\/uploads\/2023\/04\/imagen-4.png\" alt=\"\" width=\"435\" height=\"496\" \/><\/p><p><em><strong>NOTA:<\/strong> Las reglas de envi\u0301o que se han definido en estos m\u00e9todos son de ejemplo y no tienen por que\u0301 coincidir con las tarifas de envi\u0301o que te facilite tu agencia.<\/em><\/p>\t\t\t\t\t\t\t\t<\/div>\n\t\t\t\t<\/div>\n\t\t\t\t<\/div>\n\t\t\t\t\t<\/div>\n\t\t\t\t<\/div>\n\t\t\t\t<\/div>\n\t\t","protected":false},"excerpt":{"rendered":"<p>2 Agencias de envi\u0301o con diferentes tarifas para la misma zona Super Shipping para WooCommerce te permite configurar un nu\u0301mero ilimitado de agencias de envi\u0301o para la misma zona. Esto puede resultar u\u0301til en muchos casos cuando quieres ofrecer a tus clientes diferentes opciones de envi\u0301o en funcio\u0301n del tiempo de entrega que quieran elegir. [&hellip;]<\/p>\n","protected":false},"author":2,"featured_media":0,"parent":0,"menu_order":0,"comment_status":"closed","ping_status":"closed","template":"","meta":{"footnotes":""},"class_list":["post-334","page","type-page","status-publish","hentry"],"_links":{"self":[{"href":"https:\/\/docs.supershippingwoo.com\/en\/wp-json\/wp\/v2\/pages\/334","targetHints":{"allow":["GET"]}}],"collection":[{"href":"https:\/\/docs.supershippingwoo.com\/en\/wp-json\/wp\/v2\/pages"}],"about":[{"href":"https:\/\/docs.supershippingwoo.com\/en\/wp-json\/wp\/v2\/types\/page"}],"author":[{"embeddable":true,"href":"https:\/\/docs.supershippingwoo.com\/en\/wp-json\/wp\/v2\/users\/2"}],"replies":[{"embeddable":true,"href":"https:\/\/docs.supershippingwoo.com\/en\/wp-json\/wp\/v2\/comments?post=334"}],"version-history":[{"count":10,"href":"https:\/\/docs.supershippingwoo.com\/en\/wp-json\/wp\/v2\/pages\/334\/revisions"}],"predecessor-version":[{"id":990,"href":"https:\/\/docs.supershippingwoo.com\/en\/wp-json\/wp\/v2\/pages\/334\/revisions\/990"}],"wp:attachment":[{"href":"https:\/\/docs.supershippingwoo.com\/en\/wp-json\/wp\/v2\/media?parent=334"}],"curies":[{"name":"wp","href":"https:\/\/api.w.org\/{rel}","templated":true}]}}