{"id":76,"date":"2023-04-19T13:31:48","date_gmt":"2023-04-19T11:31:48","guid":{"rendered":"https:\/\/docs.supershippingwoo.com\/?page_id=76"},"modified":"2023-04-24T20:10:34","modified_gmt":"2023-04-24T18:10:34","slug":"actualizar-super-shipping-para-woocommerce-desde-la-version-1-2-7-o-anteriores","status":"publish","type":"page","link":"https:\/\/docs.supershippingwoo.com\/en\/actualizar-super-shipping-para-woocommerce-desde-la-version-1-2-7-o-anteriores\/","title":{"rendered":"Actualizar Super Shipping para WooCommerce desde la versi\u00f3n 1.2.7 o anteriores"},"content":{"rendered":"\t\t<div data-elementor-type=\"wp-page\" data-elementor-id=\"76\" class=\"elementor elementor-76\" data-elementor-post-type=\"page\">\n\t\t\t\t<div class=\"elementor-element elementor-element-b29eff9 e-flex e-con-boxed e-con e-parent\" data-id=\"b29eff9\" data-element_type=\"container\" data-e-type=\"container\" data-settings=\"{&quot;background_background&quot;:&quot;classic&quot;}\">\n\t\t\t\t\t<div class=\"e-con-inner\">\n\t\t<div class=\"elementor-element elementor-element-ce2bdec e-con-full elementor-hidden-mobile e-flex e-con e-child\" data-id=\"ce2bdec\" data-element_type=\"container\" data-e-type=\"container\" data-settings=\"{&quot;sticky&quot;:&quot;top&quot;,&quot;sticky_offset&quot;:150,&quot;sticky_parent&quot;:&quot;yes&quot;,&quot;sticky_on&quot;:[&quot;desktop&quot;,&quot;tablet&quot;],&quot;sticky_effects_offset&quot;:0,&quot;sticky_anchor_link_offset&quot;:0}\">\n\t\t\t\t<div class=\"elementor-element elementor-element-1de556a elementor-widget elementor-widget-template\" data-id=\"1de556a\" data-element_type=\"widget\" data-e-type=\"widget\" data-widget_type=\"template.default\">\n\t\t\t\t<div class=\"elementor-widget-container\">\n\t\t\t\t\t\t\t<div class=\"elementor-template\">\n\t\t\t\t\t<div data-elementor-type=\"container\" data-elementor-id=\"445\" class=\"elementor elementor-445\" data-elementor-post-type=\"elementor_library\">\n\t\t\t\t<div class=\"elementor-element elementor-element-314d697 e-con-full elementor-hidden-mobile e-flex e-con e-parent\" data-id=\"314d697\" data-element_type=\"container\" data-e-type=\"container\" data-settings=\"{&quot;background_background&quot;:&quot;classic&quot;}\">\n\t\t\t\t<div class=\"elementor-element elementor-element-0046a49 elementor-widget elementor-widget-heading\" data-id=\"0046a49\" data-element_type=\"widget\" data-e-type=\"widget\" data-widget_type=\"heading.default\">\n\t\t\t\t<div class=\"elementor-widget-container\">\n\t\t\t\t\t<h3 class=\"elementor-heading-title elementor-size-default\"><a href=\"https:\/\/docs.supershippingwoo.com\/\">\u2699\ufe0f Sumario<\/a><\/h3>\t\t\t\t<\/div>\n\t\t\t\t<\/div>\n\t\t\t\t<div class=\"elementor-element elementor-element-fc6052c elementor-widget-divider--view-line elementor-widget elementor-widget-divider\" data-id=\"fc6052c\" data-element_type=\"widget\" data-e-type=\"widget\" data-widget_type=\"divider.default\">\n\t\t\t\t<div class=\"elementor-widget-container\">\n\t\t\t\t\t\t\t<div class=\"elementor-divider\">\n\t\t\t<span class=\"elementor-divider-separator\">\n\t\t\t\t\t\t<\/span>\n\t\t<\/div>\n\t\t\t\t\t\t<\/div>\n\t\t\t\t<\/div>\n\t\t\t\t<div class=\"elementor-element elementor-element-72e4ed9 elementor-widget elementor-widget-heading\" data-id=\"72e4ed9\" data-element_type=\"widget\" data-e-type=\"widget\" data-widget_type=\"heading.default\">\n\t\t\t\t<div class=\"elementor-widget-container\">\n\t\t\t\t\t<h3 class=\"elementor-heading-title elementor-size-default\">Instalaci\u00f3n<\/h3>\t\t\t\t<\/div>\n\t\t\t\t<\/div>\n\t\t\t\t<div class=\"elementor-element elementor-element-34f56ee elementor-icon-list--layout-traditional elementor-list-item-link-full_width elementor-widget elementor-widget-icon-list\" data-id=\"34f56ee\" data-element_type=\"widget\" data-e-type=\"widget\" data-widget_type=\"icon-list.default\">\n\t\t\t\t<div class=\"elementor-widget-container\">\n\t\t\t\t\t\t\t<ul class=\"elementor-icon-list-items\">\n\t\t\t\t\t\t\t<li class=\"elementor-icon-list-item\">\n\t\t\t\t\t\t\t\t\t\t\t<a href=\"https:\/\/docs.supershippingwoo.com\/instalar-y-activar-super-shipping-para-woocommerce\/\">\n\n\t\t\t\t\t\t\t\t\t\t\t<span class=\"elementor-icon-list-text\">Instalar y activar Super Shipping<\/span>\n\t\t\t\t\t\t\t\t\t\t\t<\/a>\n\t\t\t\t\t\t\t\t\t<\/li>\n\t\t\t\t\t\t\t\t<li class=\"elementor-icon-list-item\">\n\t\t\t\t\t\t\t\t\t\t\t<a href=\"https:\/\/docs.supershippingwoo.com\/actualizar-super-shipping-para-woocommerce\/\">\n\n\t\t\t\t\t\t\t\t\t\t\t<span class=\"elementor-icon-list-text\">Actualizar Super Shipping<\/span>\n\t\t\t\t\t\t\t\t\t\t\t<\/a>\n\t\t\t\t\t\t\t\t\t<\/li>\n\t\t\t\t\t\t\t\t<li class=\"elementor-icon-list-item\">\n\t\t\t\t\t\t\t\t\t\t\t<a href=\"https:\/\/docs.supershippingwoo.com\/actualizar-super-shipping-para-woocommerce-desde-la-version-1-2-7-o-anteriores\/\">\n\n\t\t\t\t\t\t\t\t\t\t\t<span class=\"elementor-icon-list-text\">Actualizar desde la versi\u00f3n 1.2.7<\/span>\n\t\t\t\t\t\t\t\t\t\t\t<\/a>\n\t\t\t\t\t\t\t\t\t<\/li>\n\t\t\t\t\t\t<\/ul>\n\t\t\t\t\t\t<\/div>\n\t\t\t\t<\/div>\n\t\t\t\t<div class=\"elementor-element elementor-element-82c73f8 elementor-widget elementor-widget-heading\" data-id=\"82c73f8\" data-element_type=\"widget\" data-e-type=\"widget\" data-widget_type=\"heading.default\">\n\t\t\t\t<div class=\"elementor-widget-container\">\n\t\t\t\t\t<h3 class=\"elementor-heading-title elementor-size-default\">Configuraci\u00f3n b\u00e1sica<\/h3>\t\t\t\t<\/div>\n\t\t\t\t<\/div>\n\t\t\t\t<div class=\"elementor-element elementor-element-aa656e3 elementor-icon-list--layout-traditional elementor-list-item-link-full_width elementor-widget elementor-widget-icon-list\" data-id=\"aa656e3\" data-element_type=\"widget\" data-e-type=\"widget\" data-widget_type=\"icon-list.default\">\n\t\t\t\t<div class=\"elementor-widget-container\">\n\t\t\t\t\t\t\t<ul class=\"elementor-icon-list-items\">\n\t\t\t\t\t\t\t<li class=\"elementor-icon-list-item\">\n\t\t\t\t\t\t\t\t\t\t\t<a href=\"https:\/\/docs.supershippingwoo.com\/crea-tu-primera-zona-de-envio\/\">\n\n\t\t\t\t\t\t\t\t\t\t\t<span class=\"elementor-icon-list-text\">Crea tu primera zona de envi\u0301o<\/span>\n\t\t\t\t\t\t\t\t\t\t\t<\/a>\n\t\t\t\t\t\t\t\t\t<\/li>\n\t\t\t\t\t\t\t\t<li class=\"elementor-icon-list-item\">\n\t\t\t\t\t\t\t\t\t\t\t<a href=\"https:\/\/docs.supershippingwoo.com\/guia-rapida-para-configurar-tus-primeros-gastos-de-envio\/\">\n\n\t\t\t\t\t\t\t\t\t\t\t<span class=\"elementor-icon-list-text\">Configura tus primeros gastos de envi\u0301o<\/span>\n\t\t\t\t\t\t\t\t\t\t\t<\/a>\n\t\t\t\t\t\t\t\t\t<\/li>\n\t\t\t\t\t\t\t\t<li class=\"elementor-icon-list-item\">\n\t\t\t\t\t\t\t\t\t\t\t<a href=\"https:\/\/docs.supershippingwoo.com\/ajustes-generales-de-super-shipping-para-woocommerce\/\">\n\n\t\t\t\t\t\t\t\t\t\t\t<span class=\"elementor-icon-list-text\">Ajustes Generales de Super Shipping<\/span>\n\t\t\t\t\t\t\t\t\t\t\t<\/a>\n\t\t\t\t\t\t\t\t\t<\/li>\n\t\t\t\t\t\t<\/ul>\n\t\t\t\t\t\t<\/div>\n\t\t\t\t<\/div>\n\t\t\t\t<div class=\"elementor-element elementor-element-b5b2213 elementor-widget elementor-widget-heading\" data-id=\"b5b2213\" data-element_type=\"widget\" data-e-type=\"widget\" data-widget_type=\"heading.default\">\n\t\t\t\t<div class=\"elementor-widget-container\">\n\t\t\t\t\t<h3 class=\"elementor-heading-title elementor-size-default\">Configuraci\u00f3n avanzada<\/h3>\t\t\t\t<\/div>\n\t\t\t\t<\/div>\n\t\t\t\t<div class=\"elementor-element elementor-element-ad42756 elementor-widget elementor-widget-toggle\" data-id=\"ad42756\" data-element_type=\"widget\" data-e-type=\"widget\" data-widget_type=\"toggle.default\">\n\t\t\t\t<div class=\"elementor-widget-container\">\n\t\t\t\t\t\t\t<div class=\"elementor-toggle\">\n\t\t\t\t\t\t\t<div class=\"elementor-toggle-item\">\n\t\t\t\t\t<div id=\"elementor-tab-title-1811\" class=\"elementor-tab-title\" data-tab=\"1\" role=\"button\" aria-controls=\"elementor-tab-content-1811\" aria-expanded=\"false\">\n\t\t\t\t\t\t\t\t\t\t\t\t<span class=\"elementor-toggle-icon elementor-toggle-icon-right\" aria-hidden=\"true\">\n\t\t\t\t\t\t\t\t\t\t\t\t\t\t\t<span class=\"elementor-toggle-icon-closed\"><i class=\"fas fa-angle-right\"><\/i><\/span>\n\t\t\t\t\t\t\t\t<span class=\"elementor-toggle-icon-opened\"><i class=\"elementor-toggle-icon-opened fas fa-angle-down\"><\/i><\/span>\n\t\t\t\t\t\t\t\t\t\t\t\t\t<\/span>\n\t\t\t\t\t\t\t\t\t\t\t\t<a class=\"elementor-toggle-title\" tabindex=\"0\">Zonas de env\u00edo<\/a>\n\t\t\t\t\t<\/div>\n\n\t\t\t\t\t<div id=\"elementor-tab-content-1811\" class=\"elementor-tab-content elementor-clearfix\" data-tab=\"1\" role=\"region\" aria-labelledby=\"elementor-tab-title-1811\"><p><a href=\"https:\/\/docs.supershippingwoo.com\/zonas-de-envio\/\">\u00b7 Crear zonas de env\u00edo<\/a><\/p><\/div>\n\t\t\t\t<\/div>\n\t\t\t\t\t\t\t\t<\/div>\n\t\t\t\t\t\t<\/div>\n\t\t\t\t<\/div>\n\t\t\t\t<div class=\"elementor-element elementor-element-6ea6c4e elementor-widget elementor-widget-toggle\" data-id=\"6ea6c4e\" data-element_type=\"widget\" data-e-type=\"widget\" data-widget_type=\"toggle.default\">\n\t\t\t\t<div class=\"elementor-widget-container\">\n\t\t\t\t\t\t\t<div class=\"elementor-toggle\">\n\t\t\t\t\t\t\t<div class=\"elementor-toggle-item\">\n\t\t\t\t\t<div id=\"elementor-tab-title-1161\" class=\"elementor-tab-title\" data-tab=\"1\" role=\"button\" aria-controls=\"elementor-tab-content-1161\" aria-expanded=\"false\">\n\t\t\t\t\t\t\t\t\t\t\t\t<span class=\"elementor-toggle-icon elementor-toggle-icon-right\" aria-hidden=\"true\">\n\t\t\t\t\t\t\t\t\t\t\t\t\t\t\t<span class=\"elementor-toggle-icon-closed\"><i class=\"fas fa-angle-right\"><\/i><\/span>\n\t\t\t\t\t\t\t\t<span class=\"elementor-toggle-icon-opened\"><i class=\"elementor-toggle-icon-opened fas fa-angle-down\"><\/i><\/span>\n\t\t\t\t\t\t\t\t\t\t\t\t\t<\/span>\n\t\t\t\t\t\t\t\t\t\t\t\t<a class=\"elementor-toggle-title\" tabindex=\"0\">Tipos de c\u00e1lculo de los gastos de env\u00edo<\/a>\n\t\t\t\t\t<\/div>\n\n\t\t\t\t\t<div id=\"elementor-tab-content-1161\" class=\"elementor-tab-content elementor-clearfix\" data-tab=\"1\" role=\"region\" aria-labelledby=\"elementor-tab-title-1161\"><p><a href=\"https:\/\/docs.supershippingwoo.com\/tipo-de-calculo-por-pedido\/\">\u00b7 Tipo de c\u00e1lculo &#8211; Por pedido (el carrito es una \u00fanica cesta)<\/a><br \/><a href=\"https:\/\/docs.supershippingwoo.com\/tipo-de-calculo-por-articulo\/\">\u00b7 Tipo de c\u00e1lculo &#8211; Por l\u00ednea de art\u00edculos (cada producto en el carrito es una cesta)<\/a><br \/><a href=\"https:\/\/docs.supershippingwoo.com\/tipo-de-calculo-por-clases-de-envio\/\">\u00b7 Tipo de ca\u0301lculo &#8211; Por clase de envi\u0301o (cuando se usan las clases de env\u00edo)<\/a><\/p><\/div>\n\t\t\t\t<\/div>\n\t\t\t\t\t\t\t\t<\/div>\n\t\t\t\t\t\t<\/div>\n\t\t\t\t<\/div>\n\t\t\t\t<div class=\"elementor-element elementor-element-150ef9a elementor-widget elementor-widget-toggle\" data-id=\"150ef9a\" data-element_type=\"widget\" data-e-type=\"widget\" data-widget_type=\"toggle.default\">\n\t\t\t\t<div class=\"elementor-widget-container\">\n\t\t\t\t\t\t\t<div class=\"elementor-toggle\">\n\t\t\t\t\t\t\t<div class=\"elementor-toggle-item\">\n\t\t\t\t\t<div id=\"elementor-tab-title-2201\" class=\"elementor-tab-title\" data-tab=\"1\" role=\"button\" aria-controls=\"elementor-tab-content-2201\" aria-expanded=\"false\">\n\t\t\t\t\t\t\t\t\t\t\t\t<span class=\"elementor-toggle-icon elementor-toggle-icon-right\" aria-hidden=\"true\">\n\t\t\t\t\t\t\t\t\t\t\t\t\t\t\t<span class=\"elementor-toggle-icon-closed\"><i class=\"fas fa-angle-right\"><\/i><\/span>\n\t\t\t\t\t\t\t\t<span class=\"elementor-toggle-icon-opened\"><i class=\"elementor-toggle-icon-opened fas fa-angle-down\"><\/i><\/span>\n\t\t\t\t\t\t\t\t\t\t\t\t\t<\/span>\n\t\t\t\t\t\t\t\t\t\t\t\t<a class=\"elementor-toggle-title\" tabindex=\"0\">Tipos de gastos de env\u00edo<\/a>\n\t\t\t\t\t<\/div>\n\n\t\t\t\t\t<div id=\"elementor-tab-content-2201\" class=\"elementor-tab-content elementor-clearfix\" data-tab=\"1\" role=\"region\" aria-labelledby=\"elementor-tab-title-2201\"><p><a href=\"https:\/\/docs.supershippingwoo.com\/gastos-de-envio-por-peso\/\">\u00b7 Gastos de envi\u0301o por peso<\/a><br \/><a href=\"https:\/\/docs.supershippingwoo.com\/gastos-de-envio-por-precio\/\">\u00b7 Gastos de env\u00edo por precio<\/a><br \/><a href=\"https:\/\/docs.supershippingwoo.com\/gastos-de-envio-por-numero-de-productos\/\">\u00b7 Gastos de envi\u0301o por n\u00ba de unidades<\/a><br \/><a href=\"https:\/\/docs.supershippingwoo.com\/gastos-de-envio-por-peso-volumetrico\/\">\u00b7 Gastos de envi\u0301o por peso volume\u0301trico<\/a><br \/><a href=\"https:\/\/docs.supershippingwoo.com\/gastos-de-envio-por-volumen\/\">\u00b7 Gastos de envi\u0301o por volumen<\/a><\/p><\/div>\n\t\t\t\t<\/div>\n\t\t\t\t\t\t\t\t<\/div>\n\t\t\t\t\t\t<\/div>\n\t\t\t\t<\/div>\n\t\t\t\t<div class=\"elementor-element elementor-element-389f4e8 elementor-widget elementor-widget-toggle\" data-id=\"389f4e8\" data-element_type=\"widget\" data-e-type=\"widget\" data-widget_type=\"toggle.default\">\n\t\t\t\t<div class=\"elementor-widget-container\">\n\t\t\t\t\t\t\t<div class=\"elementor-toggle\">\n\t\t\t\t\t\t\t<div class=\"elementor-toggle-item\">\n\t\t\t\t\t<div id=\"elementor-tab-title-5931\" class=\"elementor-tab-title\" data-tab=\"1\" role=\"button\" aria-controls=\"elementor-tab-content-5931\" aria-expanded=\"false\">\n\t\t\t\t\t\t\t\t\t\t\t\t<span class=\"elementor-toggle-icon elementor-toggle-icon-right\" aria-hidden=\"true\">\n\t\t\t\t\t\t\t\t\t\t\t\t\t\t\t<span class=\"elementor-toggle-icon-closed\"><i class=\"fas fa-angle-right\"><\/i><\/span>\n\t\t\t\t\t\t\t\t<span class=\"elementor-toggle-icon-opened\"><i class=\"elementor-toggle-icon-opened fas fa-angle-down\"><\/i><\/span>\n\t\t\t\t\t\t\t\t\t\t\t\t\t<\/span>\n\t\t\t\t\t\t\t\t\t\t\t\t<a class=\"elementor-toggle-title\" tabindex=\"0\">Ajustes avanzados<\/a>\n\t\t\t\t\t<\/div>\n\n\t\t\t\t\t<div id=\"elementor-tab-content-5931\" class=\"elementor-tab-content elementor-clearfix\" data-tab=\"1\" role=\"region\" aria-labelledby=\"elementor-tab-title-5931\"><p><a href=\"https:\/\/docs.supershippingwoo.com\/prioridad-de-clases-de-envio\/\">\u00b7 Prioridad de clases de envi\u0301o<\/a><br \/><a href=\"https:\/\/docs.supershippingwoo.com\/tasas-extra-de-envio\/\">\u00b7 Tasas extra de envi\u0301o<\/a><br \/><a href=\"https:\/\/docs.supershippingwoo.com\/importar-y-exportar-reglas\/\">\u00b7 Importar y Exportar Reglas<\/a><br \/><a href=\"https:\/\/docs.supershippingwoo.com\/traducir-los-metodos-de-envio-con-wpml\/\">\u00b7 Traducir los m\u00e9todos de env\u00edo con WPML<\/a><\/p><\/div>\n\t\t\t\t<\/div>\n\t\t\t\t\t\t\t\t<\/div>\n\t\t\t\t\t\t<\/div>\n\t\t\t\t<\/div>\n\t\t\t\t<div class=\"elementor-element elementor-element-770f94b elementor-widget elementor-widget-toggle\" data-id=\"770f94b\" data-element_type=\"widget\" data-e-type=\"widget\" data-widget_type=\"toggle.default\">\n\t\t\t\t<div class=\"elementor-widget-container\">\n\t\t\t\t\t\t\t<div class=\"elementor-toggle\">\n\t\t\t\t\t\t\t<div class=\"elementor-toggle-item\">\n\t\t\t\t\t<div id=\"elementor-tab-title-1241\" class=\"elementor-tab-title\" data-tab=\"1\" role=\"button\" aria-controls=\"elementor-tab-content-1241\" aria-expanded=\"false\">\n\t\t\t\t\t\t\t\t\t\t\t\t<span class=\"elementor-toggle-icon elementor-toggle-icon-right\" aria-hidden=\"true\">\n\t\t\t\t\t\t\t\t\t\t\t\t\t\t\t<span class=\"elementor-toggle-icon-closed\"><i class=\"fas fa-angle-right\"><\/i><\/span>\n\t\t\t\t\t\t\t\t<span class=\"elementor-toggle-icon-opened\"><i class=\"elementor-toggle-icon-opened fas fa-angle-down\"><\/i><\/span>\n\t\t\t\t\t\t\t\t\t\t\t\t\t<\/span>\n\t\t\t\t\t\t\t\t\t\t\t\t<a class=\"elementor-toggle-title\" tabindex=\"0\">Ejemplos de uso<\/a>\n\t\t\t\t\t<\/div>\n\n\t\t\t\t\t<div id=\"elementor-tab-content-1241\" class=\"elementor-tab-content elementor-clearfix\" data-tab=\"1\" role=\"region\" aria-labelledby=\"elementor-tab-title-1241\"><p><a href=\"https:\/\/docs.supershippingwoo.com\/gastos-de-envio-segun-peso-y-gratis-a-partir-de-100e-de-gasto\/\">\u00b7 Gastos de envi\u0301o segu\u0301n peso y gratis a partir de 100\u20ac<\/a><br \/><a href=\"https:\/\/docs.supershippingwoo.com\/2-agencias-de-envio-con-diferentes-tarifas-para-la-misma-zona\/\">\u00b7 2 Agencias de envi\u0301o para la misma zona<\/a><br \/><a href=\"https:\/\/docs.supershippingwoo.com\/gastos-de-envio-diferentes-segun-el-tipo-de-producto-o-grupo-de-productos\/\">\u00b7 Gastos de envi\u0301o diferentes segu\u0301n el tipo de producto (o grupo de productos)<\/a><br \/><a href=\"https:\/\/docs.supershippingwoo.com\/gastos-de-envio-diferentes-segun-el-proveedor-aplicable-a-dropshipping\/\">\u00b7 Gastos de env\u00edo diferentes seg\u00fan el proveedor (aplicable a Dropshipping)<\/a><br \/><a href=\"https:\/\/docs.supershippingwoo.com\/incrementar-el-gasto-de-envio-por-cada-unidad-anadida-al-carrito\/\">\u00b7 Incrementar el gasto de env\u00edo por cada unidad a\u00f1adida al carrito<\/a><\/p><\/div>\n\t\t\t\t<\/div>\n\t\t\t\t\t\t\t\t<\/div>\n\t\t\t\t\t\t<\/div>\n\t\t\t\t<\/div>\n\t\t\t\t<div class=\"elementor-element elementor-element-dcdbe2f elementor-widget elementor-widget-heading\" data-id=\"dcdbe2f\" data-element_type=\"widget\" data-e-type=\"widget\" data-widget_type=\"heading.default\">\n\t\t\t\t<div class=\"elementor-widget-container\">\n\t\t\t\t\t<h6 class=\"elementor-heading-title elementor-size-default\"><a href=\"https:\/\/docs.supershippingwoo.com\/changelog-historial-de-cambios\/\">Changelog<\/a><\/h6>\t\t\t\t<\/div>\n\t\t\t\t<\/div>\n\t\t\t\t<\/div>\n\t\t\t\t<\/div>\n\t\t\t\t<\/div>\n\t\t\t\t\t\t<\/div>\n\t\t\t\t<\/div>\n\t\t\t\t<\/div>\n\t\t<div class=\"elementor-element elementor-element-9e01422 e-con-full e-flex e-con e-child\" data-id=\"9e01422\" data-element_type=\"container\" data-e-type=\"container\">\n\t\t\t\t<div class=\"elementor-element elementor-element-d3bb278 elementor-widget elementor-widget-heading\" data-id=\"d3bb278\" data-element_type=\"widget\" data-e-type=\"widget\" data-widget_type=\"heading.default\">\n\t\t\t\t<div class=\"elementor-widget-container\">\n\t\t\t\t\t<h2 class=\"elementor-heading-title elementor-size-default\">Actualizar Super Shipping para WooCommerce desde la versi\u00f3n 1.2.7 o anteriores<\/h2>\t\t\t\t<\/div>\n\t\t\t\t<\/div>\n\t\t\t\t<div class=\"elementor-element elementor-element-4854140 elementor-widget elementor-widget-text-editor\" data-id=\"4854140\" data-element_type=\"widget\" data-e-type=\"widget\" data-widget_type=\"text-editor.default\">\n\t\t\t\t<div class=\"elementor-widget-container\">\n\t\t\t\t\t\t\t\t\t<p dir=\"ltr\"><span dir=\"ltr\">Si a\u00fan tuvieras instalada la versi\u00f3n 1.2.7 (esperemos que no, jeje) y vas a actualizar el plugin, el proceso difiere de una actualizaci\u00f3n normal, ya que desde la versi\u00f3n 1.3 las Zonas de Env\u00edo se configuran desde el propio editor de zonas de WooCommerce, haciendo as\u00ed m\u00e1s compatible el plugin con otras funciones de WooCommerce.<\/span><\/p><p dir=\"ltr\"><span dir=\"ltr\">Este proceso de cambio desde la 1.2.7 a versiones posteriores la denominamos \u00abmigraci\u00f3n\u00bb.\u00a0<\/span><span dir=\"ltr\">Sigue estas instrucciones para completarla:<\/span><\/p><p><span dir=\"ltr\">Aunque aqu\u00ed te informaremos de c\u00f3mo completarlo, por favor <a href=\"https:\/\/supershippingwoo.com\/contacto\/\" target=\"_blank\" rel=\"noopener\"><strong>CONTACTA<\/strong><\/a> antes con nosotros a trav\u00e9s de la pesta\u00f1a de Soporte en tu cuenta de Usuario, ya que necesitar\u00e1s realizar unos pasos intermedios y tenemos que pasarte los archivos desde Soporte.<\/span><\/p><div><p><span style=\"color: #ff0000;\"><strong>\u00a1IMPORTANTE!<\/strong>\u00a0Antes de actualizar, asegu\u0301rate SIEMPRE de tener disponible una copia de seguridad reciente de tu sitio web. Esto es simplemente una medida de prevencio\u0301n para evitar perder la configuracio\u0301n del plugin en caso de que falle la actualizacio\u0301n.\u00a0<\/span><\/p><p>No tiene porqu\u00e9 haber ningu\u0301n problema, pero es recomendable seguir estos pasos cuando se hacen actualizaciones manuales de plugins.<\/p><p><span dir=\"ltr\">Los pasos a seguir son:<\/span><\/p><\/div><ol><li><span dir=\"ltr\">Como condici\u00f3n indispensable para que todo salga bien, primero, a<\/span><span dir=\"ltr\">seg\u00farate de tener instalada la versi\u00f3n 1.2.7 antes de proceder a la migraci\u00f3n a las nuevas versiones del plugin, ya que este proceso de migraci\u00f3n desde versiones muy antiguas no se llevar\u00e1 a cabo. Si tienes a\u00fan instalada la versi\u00f3n 1.2.6 o 1.2.5 o incluso alguna anterior, actualiza antes a la 1.2.7. Como te hemos dicho, por favor escr\u00edbenos a Soporte y te informaremos de los pasos a seguir para \u00abactualizar\u00bb a la versi\u00f3n 1.2.7<br \/><\/span>En segundo lugar,<strong>\u00a0<\/strong>lo mismo ya tengas la 1.2.7 o anteriores, tras activar esta versi\u00f3n como primer paso previo, tendr\u00e1s que llevar a cabo otro paso intermedio e instalar la 1.3.0, ya que la migraci\u00f3n se realizar\u00e1 m\u00e1s eficientemente a esta \u00faltima versi\u00f3n. De nuevo, te rogamos que contactes con nosotros para poder pasarte los archivos necesarios para realizar esta operaci\u00f3n.<br \/><br \/><\/li><li><span dir=\"ltr\"><span dir=\"ltr\">Entra en el panel de administracio\u0301n de tu sitio web y desactiva y borra la versio\u0301n antigua del plugin (ya sabes, tienes que tener instalada, s\u00ed o s\u00ed, la versi\u00f3n 1.2.7 para poder realizar todo el proceso, si no es as\u00ed, por favor contacta con nosotros).<br \/><\/span><\/span>Para hacerlo, entra en \u201cPlugins\u201d, busca \u201cWooCommerce Super Shipping\u201d en el listado de plugins instalados, haz clic en \u201cDesactivar\u201d, despue\u0301s haz clic en \u201cBorrar\u201d y sigue las indicaciones hasta que la versi\u00f3n antigua del plugin se haya desinstalado por completo.<p><span style=\"color: #ff0000;\">\u00a1Tranquilo! Toda tu configuracio\u0301n permanecera\u0301 guardada en la base de datos aunque hayas borrado el plugin.<\/span><\/p><\/li><li><p><span dir=\"ltr\">Seguidamente, una vez eliminada la versio\u0301n antigua del plugin, instala y activa la versi\u00f3n 1.3.0 para llevar a cabo la migraci\u00f3n (tranquilos, os pasaremos todos los archivos necesarios para llevar a cabo estos pasos una vez hay\u00e1is contactado con nosotros).<\/span><\/p><p>\u26a0\ufe0f\u00a0<strong>AVISO<\/strong><span dir=\"ltr\">: Debera\u0301s hacer clic en el boto\u0301n azul \u201cEjecutar la actualizacio\u0301n\u201d antes de configurar nada nuevo en el plugin.<\/span><\/p><\/li><li><p>Si ten\u00edas configuradas correctamente las zonas de env\u00edo y sus correspondientes gastos (con las tablas bien definidas), se activar\u00e1 autom\u00e1ticamente un Asistente de Migraci\u00f3n. Con solo un clic, toda tu configuraci\u00f3n se pasar\u00e1 autom\u00e1ticamente al gestor de zonas de WooCommerce. \u00a1No olvides ver el v\u00eddeo antes de empezar la migraci\u00f3n!<\/p><p><img fetchpriority=\"high\" decoding=\"async\" class=\"alignnone size-full wp-image-91\" src=\"https:\/\/docs.supershippingwoo.com\/wp-content\/uploads\/2023\/04\/Bienvenido-al-asistente.png\" alt=\"\" width=\"718\" height=\"832\" \/><\/p><\/li><li><span dir=\"ltr\">Descarga, ahora s\u00ed, la nueva versio\u0301n del plugin desde la secci\u00f3n \u00abDescargas\u00bb de tu cuenta de cliente de Super Shipping para WooCommerce. Accede con tu usuario y contrase\u00f1a desde el siguiente link:\u00a0<a href=\"https:\/\/supershippingwoo.com\/mi-cuenta\/descargas\/\" target=\"_blank\" rel=\"noopener\">https:\/\/supershippingwoo.com\/mi-cuenta\/descargas\/<\/a><br \/><br \/><\/span><\/li><li dir=\"ltr\"><strong><span dir=\"ltr\">IMPORTANTE:<\/span><\/strong><span dir=\"ltr\">\u00a0Si ten\u00edas algunas provincias o pa\u00edses excluidos en alguna zona creada en la versi\u00f3n 1.2, ser\u00e1n asignadas autom\u00e1ticamente a una zona llamada \u00abZona 0\u00bb (o con alg\u00fan otro n\u00famero). Esta zona es utilizada para a\u00f1adir provincias o estados a los que no quieras enviar. Por lo tanto, aseg\u00farate de que esas zonas no las vas a contemplar para tus gastos de env\u00edo. En caso contrario (es decir, que esas provincias estaban excluidas en una zona general, pero que contaban con una zona propia para sus gastos de env\u00edo exclusivos), deber\u00e1s de volver a configurarlas correctamente. Esto es debido a la forma de editar y trabajar las zonas directamente en WooCommerce, no es un fallo de Super Shipping para WooCommerce. Tienes m\u00e1s informaci\u00f3n en la p\u00e1gina de\u00a0<a href=\"https:\/\/docs.supershippingwoo.com\/zonas-de-envio\/\"><u>zonas de env\u00edo<\/u><\/a><u>.<\/u><\/span><\/li><\/ol>\t\t\t\t\t\t\t\t<\/div>\n\t\t\t\t<\/div>\n\t\t\t\t<\/div>\n\t\t\t\t\t<\/div>\n\t\t\t\t<\/div>\n\t\t\t\t<\/div>\n\t\t","protected":false},"excerpt":{"rendered":"<p>Actualizar Super Shipping para WooCommerce desde la versi\u00f3n 1.2.7 o anteriores Si a\u00fan tuvieras instalada la versi\u00f3n 1.2.7 (esperemos que no, jeje) y vas a actualizar el plugin, el proceso difiere de una actualizaci\u00f3n normal, ya que desde la versi\u00f3n 1.3 las Zonas de Env\u00edo se configuran desde el propio editor de zonas de WooCommerce, [&hellip;]<\/p>\n","protected":false},"author":2,"featured_media":0,"parent":0,"menu_order":0,"comment_status":"closed","ping_status":"closed","template":"","meta":{"footnotes":""},"class_list":["post-76","page","type-page","status-publish","hentry"],"_links":{"self":[{"href":"https:\/\/docs.supershippingwoo.com\/en\/wp-json\/wp\/v2\/pages\/76","targetHints":{"allow":["GET"]}}],"collection":[{"href":"https:\/\/docs.supershippingwoo.com\/en\/wp-json\/wp\/v2\/pages"}],"about":[{"href":"https:\/\/docs.supershippingwoo.com\/en\/wp-json\/wp\/v2\/types\/page"}],"author":[{"embeddable":true,"href":"https:\/\/docs.supershippingwoo.com\/en\/wp-json\/wp\/v2\/users\/2"}],"replies":[{"embeddable":true,"href":"https:\/\/docs.supershippingwoo.com\/en\/wp-json\/wp\/v2\/comments?post=76"}],"version-history":[{"count":25,"href":"https:\/\/docs.supershippingwoo.com\/en\/wp-json\/wp\/v2\/pages\/76\/revisions"}],"predecessor-version":[{"id":476,"href":"https:\/\/docs.supershippingwoo.com\/en\/wp-json\/wp\/v2\/pages\/76\/revisions\/476"}],"wp:attachment":[{"href":"https:\/\/docs.supershippingwoo.com\/en\/wp-json\/wp\/v2\/media?parent=76"}],"curies":[{"name":"wp","href":"https:\/\/api.w.org\/{rel}","templated":true}]}}